{"id":9153,"date":"2025-07-29T11:55:11","date_gmt":"2025-07-29T11:55:11","guid":{"rendered":"https:\/\/nijo-suits.com\/?page_id=9153"},"modified":"2025-07-31T07:57:47","modified_gmt":"2025-07-31T07:57:47","slug":"suits","status":"publish","type":"page","link":"https:\/\/nijo-suits.com\/fr\/suits\/","title":{"rendered":"Suits"},"content":{"rendered":"<div data-elementor-type=\"wp-page\" data-elementor-id=\"9153\" class=\"elementor elementor-9153\" data-elementor-post-type=\"page\">\n\t\t\t\t<div class=\"elementor-element elementor-element-52cd821 e-flex e-con-boxed e-con e-parent\" data-id=\"52cd821\" data-element_type=\"container\" data-e-type=\"container\">\n\t\t\t\t\t<div class=\"e-con-inner\">\n\t\t<div class=\"elementor-element elementor-element-78d1b66 e-con-full e-flex e-con e-child\" data-id=\"78d1b66\" data-element_type=\"container\" data-e-type=\"container\">\n\t\t\t\t<div class=\"elementor-element elementor-element-8cae474 elementor-widget elementor-widget-heading\" data-id=\"8cae474\" data-element_type=\"widget\" data-e-type=\"widget\" data-widget_type=\"heading.default\">\n\t\t\t\t<div class=\"elementor-widget-container\">\n\t\t\t\t\t<h2 class=\"elementor-heading-title elementor-size-default\">Suite Premium sur mesure<\/h2>\t\t\t\t<\/div>\n\t\t\t\t<\/div>\n\t\t\t\t<div class=\"elementor-element elementor-element-b583a28 color-scheme-inherit text-left elementor-widget elementor-widget-text-editor\" data-id=\"b583a28\" data-element_type=\"widget\" data-e-type=\"widget\" data-widget_type=\"text-editor.default\">\n\t\t\t\t<div class=\"elementor-widget-container\">\n\t\t\t\t\t\t\t\t\t<p>Vous \u00eates \u00e0 la recherche d'un costume qui vous mettra en valeur et vous permettra d'exprimer pleinement votre style personnel ? Nous avons la r\u00e9ponse ! Nos costumes ne sont pas seulement de haute qualit\u00e9, ils sont aussi taill\u00e9s \u00e0 la main selon vos mesures.<br \/>Choisissez parmi plus de 150 fabriques et d\u00e9tails divers et cr\u00e9ez votre propre tenue. Nous garantissons l'ajustement parfait de votre costume sur mesure nico &amp; jose.<\/p>\t\t\t\t\t\t\t\t<\/div>\n\t\t\t\t<\/div>\n\t\t\t\t<div class=\"elementor-element elementor-element-c4899ff elementor-widget elementor-widget-heading\" data-id=\"c4899ff\" data-element_type=\"widget\" data-e-type=\"widget\" data-widget_type=\"heading.default\">\n\t\t\t\t<div class=\"elementor-widget-container\">\n\t\t\t\t\t<h2 class=\"elementor-heading-title elementor-size-default\">A partir de 499.00\/-<\/h2>\t\t\t\t<\/div>\n\t\t\t\t<\/div>\n\t\t\t\t<div class=\"elementor-element elementor-element-65670a2 elementor-widget elementor-widget-button\" data-id=\"65670a2\" data-element_type=\"widget\" data-e-type=\"widget\" data-widget_type=\"button.default\">\n\t\t\t\t<div class=\"elementor-widget-container\">\n\t\t\t\t\t\t\t\t\t<div class=\"elementor-button-wrapper\">\n\t\t\t\t\t<a class=\"elementor-button elementor-button-link elementor-size-sm\" href=\"https:\/\/nijo-suits.com\/fr\/suit-configurator\/\">\n\t\t\t\t\t\t<span class=\"elementor-button-content-wrapper\">\n\t\t\t\t\t\t\t\t\t<span class=\"elementor-button-text\">Personnaliser maintenant<\/span>\n\t\t\t\t\t<\/span>\n\t\t\t\t\t<\/a>\n\t\t\t\t<\/div>\n\t\t\t\t\t\t\t\t<\/div>\n\t\t\t\t<\/div>\n\t\t\t\t<\/div>\n\t\t<div class=\"elementor-element elementor-element-9d87427 e-con-full e-flex e-con e-child\" data-id=\"9d87427\" data-element_type=\"container\" data-e-type=\"container\">\n\t\t\t\t<div class=\"elementor-element elementor-element-6214553 elementor-widget elementor-widget-image\" data-id=\"6214553\" data-element_type=\"widget\" data-e-type=\"widget\" data-widget_type=\"image.default\">\n\t\t\t\t<div class=\"elementor-widget-container\">\n\t\t\t\t\t\t\t\t\t\t\t\t\t\t\t<img fetchpriority=\"high\" decoding=\"async\" width=\"534\" height=\"800\" src=\"https:\/\/nijo-suits.com\/wp-content\/uploads\/2024\/08\/Body-types-534x800.jpg\" class=\"attachment-large size-large wp-image-8763\" alt=\"\" srcset=\"https:\/\/nijo-suits.com\/wp-content\/uploads\/2024\/08\/Body-types-534x800.jpg 534w, https:\/\/nijo-suits.com\/wp-content\/uploads\/2024\/08\/Body-types-scaled-430x644.jpg 430w, https:\/\/nijo-suits.com\/wp-content\/uploads\/2024\/08\/Body-types-scaled-150x225.jpg 150w, https:\/\/nijo-suits.com\/wp-content\/uploads\/2024\/08\/Body-types-scaled-700x1049.jpg 700w, https:\/\/nijo-suits.com\/wp-content\/uploads\/2024\/08\/Body-types-200x300.jpg 200w, https:\/\/nijo-suits.com\/wp-content\/uploads\/2024\/08\/Body-types-768x1150.jpg 768w, https:\/\/nijo-suits.com\/wp-content\/uploads\/2024\/08\/Body-types-1025x1536.jpg 1025w, https:\/\/nijo-suits.com\/wp-content\/uploads\/2024\/08\/Body-types-1367x2048.jpg 1367w, https:\/\/nijo-suits.com\/wp-content\/uploads\/2024\/08\/Body-types-860x1288.jpg 860w, https:\/\/nijo-suits.com\/wp-content\/uploads\/2024\/08\/Body-types-scaled.jpg 1709w\" sizes=\"(max-width: 534px) 100vw, 534px\" \/>\t\t\t\t\t\t\t\t\t\t\t\t\t\t\t<\/div>\n\t\t\t\t<\/div>\n\t\t\t\t<\/div>\n\t\t\t\t\t<\/div>\n\t\t\t\t<\/div>\n\t\t\t\t<\/div>","protected":false},"excerpt":{"rendered":"<p>Tailor Made Premium Suite Are you looking for a suit that will make you look stunning and express your personal<\/p>","protected":false},"author":23,"featured_media":0,"parent":0,"menu_order":0,"comment_status":"closed","ping_status":"closed","template":"elementor_header_footer","meta":{"content-type":"","footnotes":""},"class_list":["post-9153","page","type-page","status-publish","hentry"],"_links":{"self":[{"href":"https:\/\/nijo-suits.com\/fr\/wp-json\/wp\/v2\/pages\/9153","targetHints":{"allow":["GET"]}}],"collection":[{"href":"https:\/\/nijo-suits.com\/fr\/wp-json\/wp\/v2\/pages"}],"about":[{"href":"https:\/\/nijo-suits.com\/fr\/wp-json\/wp\/v2\/types\/page"}],"author":[{"embeddable":true,"href":"https:\/\/nijo-suits.com\/fr\/wp-json\/wp\/v2\/users\/23"}],"replies":[{"embeddable":true,"href":"https:\/\/nijo-suits.com\/fr\/wp-json\/wp\/v2\/comments?post=9153"}],"version-history":[{"count":12,"href":"https:\/\/nijo-suits.com\/fr\/wp-json\/wp\/v2\/pages\/9153\/revisions"}],"predecessor-version":[{"id":9183,"href":"https:\/\/nijo-suits.com\/fr\/wp-json\/wp\/v2\/pages\/9153\/revisions\/9183"}],"wp:attachment":[{"href":"https:\/\/nijo-suits.com\/fr\/wp-json\/wp\/v2\/media?parent=9153"}],"curies":[{"name":"wp","href":"https:\/\/api.w.org\/{rel}","templated":true}]}}