{"id":9132,"date":"2025-07-29T11:36:03","date_gmt":"2025-07-29T11:36:03","guid":{"rendered":"https:\/\/nijo-suits.com\/?page_id=9132"},"modified":"2025-07-31T08:13:21","modified_gmt":"2025-07-31T08:13:21","slug":"shirts","status":"publish","type":"page","link":"https:\/\/nijo-suits.com\/fr\/shirts\/","title":{"rendered":"Shirts"},"content":{"rendered":"<div data-elementor-type=\"wp-page\" data-elementor-id=\"9132\" class=\"elementor elementor-9132\" data-elementor-post-type=\"page\">\n\t\t\t\t<div class=\"elementor-element elementor-element-f5bf05d e-flex e-con-boxed e-con e-parent\" data-id=\"f5bf05d\" data-element_type=\"container\" data-e-type=\"container\">\n\t\t\t\t\t<div class=\"e-con-inner\">\n\t\t<div class=\"elementor-element elementor-element-5c7642b e-con-full e-flex e-con e-child\" data-id=\"5c7642b\" data-element_type=\"container\" data-e-type=\"container\">\n\t\t\t\t<div class=\"elementor-element elementor-element-9b29eb1 elementor-widget elementor-widget-heading\" data-id=\"9b29eb1\" data-element_type=\"widget\" data-e-type=\"widget\" data-widget_type=\"heading.default\">\n\t\t\t\t<div class=\"elementor-widget-container\">\n\t\t\t\t\t<h2 class=\"elementor-heading-title elementor-size-default\">Chemises premium sur mesure<\/h2>\t\t\t\t<\/div>\n\t\t\t\t<\/div>\n\t\t\t\t<div class=\"elementor-element elementor-element-d21d250 color-scheme-inherit text-left elementor-widget elementor-widget-text-editor\" data-id=\"d21d250\" data-element_type=\"widget\" data-e-type=\"widget\" data-widget_type=\"text-editor.default\">\n\t\t\t\t<div class=\"elementor-widget-container\">\n\t\t\t\t\t\t\t\t\t<p data-start=\"80\" data-end=\"260\">Nos chemises personnalis\u00e9es sont fabriqu\u00e9es \u00e0 partir de tissus de qualit\u00e9 sup\u00e9rieure et adapt\u00e9es pr\u00e9cis\u00e9ment \u00e0 vos mesures.<\/p><p data-start=\"262\" data-end=\"563\">Choisissez parmi plus de 150 options de tissus, une large gamme de cols, de poignets et de d\u00e9tails de conception pour cr\u00e9er une chemise qui refl\u00e8te votre style et votre personnalit\u00e9.<br data-start=\"409\" data-end=\"412\" \/>Que ce soit pour le travail, une occasion sp\u00e9ciale ou la vie de tous les jours, votre chemise sur mesure vous offrira confort, confiance et une coupe parfaite - c'est garanti.<\/p>\t\t\t\t\t\t\t\t<\/div>\n\t\t\t\t<\/div>\n\t\t\t\t<div class=\"elementor-element elementor-element-d852f9c elementor-widget elementor-widget-heading\" data-id=\"d852f9c\" data-element_type=\"widget\" data-e-type=\"widget\" data-widget_type=\"heading.default\">\n\t\t\t\t<div class=\"elementor-widget-container\">\n\t\t\t\t\t<h2 class=\"elementor-heading-title elementor-size-default\">A partir de 499.00\/-<\/h2>\t\t\t\t<\/div>\n\t\t\t\t<\/div>\n\t\t\t\t<div class=\"elementor-element elementor-element-3572f54 elementor-widget elementor-widget-button\" data-id=\"3572f54\" data-element_type=\"widget\" data-e-type=\"widget\" data-widget_type=\"button.default\">\n\t\t\t\t<div class=\"elementor-widget-container\">\n\t\t\t\t\t\t\t\t\t<div class=\"elementor-button-wrapper\">\n\t\t\t\t\t<a class=\"elementor-button elementor-button-link elementor-size-sm\" href=\"https:\/\/nijo-suits.com\/fr\/shirt-configurator\/\">\n\t\t\t\t\t\t<span class=\"elementor-button-content-wrapper\">\n\t\t\t\t\t\t\t\t\t<span class=\"elementor-button-text\">Personnaliser maintenant<\/span>\n\t\t\t\t\t<\/span>\n\t\t\t\t\t<\/a>\n\t\t\t\t<\/div>\n\t\t\t\t\t\t\t\t<\/div>\n\t\t\t\t<\/div>\n\t\t\t\t<\/div>\n\t\t<div class=\"elementor-element elementor-element-43625bd e-con-full e-flex e-con e-child\" data-id=\"43625bd\" data-element_type=\"container\" data-e-type=\"container\">\n\t\t\t\t<div class=\"elementor-element elementor-element-1496ea5 elementor-widget elementor-widget-image\" data-id=\"1496ea5\" data-element_type=\"widget\" data-e-type=\"widget\" data-widget_type=\"image.default\">\n\t\t\t\t<div class=\"elementor-widget-container\">\n\t\t\t\t\t\t\t\t\t\t\t\t\t\t\t<img fetchpriority=\"high\" decoding=\"async\" width=\"533\" height=\"800\" src=\"https:\/\/nijo-suits.com\/wp-content\/uploads\/2024\/08\/shirt-533x800.jpg\" class=\"attachment-large size-large wp-image-8709\" alt=\"\" srcset=\"https:\/\/nijo-suits.com\/wp-content\/uploads\/2024\/08\/shirt-533x800.jpg 533w, https:\/\/nijo-suits.com\/wp-content\/uploads\/2024\/08\/shirt-scaled-430x645.jpg 430w, https:\/\/nijo-suits.com\/wp-content\/uploads\/2024\/08\/shirt-scaled-150x225.jpg 150w, https:\/\/nijo-suits.com\/wp-content\/uploads\/2024\/08\/shirt-scaled-700x1050.jpg 700w, https:\/\/nijo-suits.com\/wp-content\/uploads\/2024\/08\/shirt-200x300.jpg 200w, https:\/\/nijo-suits.com\/wp-content\/uploads\/2024\/08\/shirt-768x1152.jpg 768w, https:\/\/nijo-suits.com\/wp-content\/uploads\/2024\/08\/shirt-1024x1536.jpg 1024w, https:\/\/nijo-suits.com\/wp-content\/uploads\/2024\/08\/shirt-1365x2048.jpg 1365w, https:\/\/nijo-suits.com\/wp-content\/uploads\/2024\/08\/shirt-860x1290.jpg 860w, https:\/\/nijo-suits.com\/wp-content\/uploads\/2024\/08\/shirt-scaled.jpg 1707w\" sizes=\"(max-width: 533px) 100vw, 533px\" \/>\t\t\t\t\t\t\t\t\t\t\t\t\t\t\t<\/div>\n\t\t\t\t<\/div>\n\t\t\t\t<\/div>\n\t\t\t\t\t<\/div>\n\t\t\t\t<\/div>\n\t\t\t\t<\/div>","protected":false},"excerpt":{"rendered":"<p>Tailor Made Premium Shirts Our custom shirts are crafted from premium fabrics and tailored precisely to your measurements. Choose from<\/p>","protected":false},"author":23,"featured_media":0,"parent":0,"menu_order":0,"comment_status":"closed","ping_status":"closed","template":"elementor_header_footer","meta":{"content-type":"","footnotes":""},"class_list":["post-9132","page","type-page","status-publish","hentry"],"_links":{"self":[{"href":"https:\/\/nijo-suits.com\/fr\/wp-json\/wp\/v2\/pages\/9132","targetHints":{"allow":["GET"]}}],"collection":[{"href":"https:\/\/nijo-suits.com\/fr\/wp-json\/wp\/v2\/pages"}],"about":[{"href":"https:\/\/nijo-suits.com\/fr\/wp-json\/wp\/v2\/types\/page"}],"author":[{"embeddable":true,"href":"https:\/\/nijo-suits.com\/fr\/wp-json\/wp\/v2\/users\/23"}],"replies":[{"embeddable":true,"href":"https:\/\/nijo-suits.com\/fr\/wp-json\/wp\/v2\/comments?post=9132"}],"version-history":[{"count":35,"href":"https:\/\/nijo-suits.com\/fr\/wp-json\/wp\/v2\/pages\/9132\/revisions"}],"predecessor-version":[{"id":9331,"href":"https:\/\/nijo-suits.com\/fr\/wp-json\/wp\/v2\/pages\/9132\/revisions\/9331"}],"wp:attachment":[{"href":"https:\/\/nijo-suits.com\/fr\/wp-json\/wp\/v2\/media?parent=9132"}],"curies":[{"name":"wp","href":"https:\/\/api.w.org\/{rel}","templated":true}]}}