{"id":8738,"date":"2024-08-30T06:33:29","date_gmt":"2024-08-30T06:33:29","guid":{"rendered":"https:\/\/nijo-suits.com\/?page_id=8738"},"modified":"2025-09-03T07:47:30","modified_gmt":"2025-09-03T07:47:30","slug":"styling-guide","status":"publish","type":"page","link":"https:\/\/nijo-suits.com\/fr\/styling-guide\/","title":{"rendered":"Guide de stylisme"},"content":{"rendered":"<div data-elementor-type=\"wp-page\" data-elementor-id=\"8738\" class=\"elementor elementor-8738\" data-elementor-post-type=\"page\">\n\t\t\t\t\t\t<section class=\"elementor-section elementor-top-section elementor-element elementor-element-1c9344a2 elementor-section-content-middle elementor-section-boxed elementor-section-height-default elementor-section-height-default wd-section-disabled\" data-id=\"1c9344a2\" data-element_type=\"section\" data-e-type=\"section\">\n\t\t\t\t\t\t<div class=\"elementor-container elementor-column-gap-default\">\n\t\t\t\t\t<div class=\"elementor-column elementor-col-50 elementor-top-column elementor-element elementor-element-41bec3dc\" data-id=\"41bec3dc\" data-element_type=\"column\" data-e-type=\"column\">\n\t\t\t<div class=\"elementor-widget-wrap elementor-element-populated\">\n\t\t\t\t\t\t<div class=\"elementor-element elementor-element-8dd885f elementor-widget elementor-widget-heading\" data-id=\"8dd885f\" data-element_type=\"widget\" data-e-type=\"widget\" data-widget_type=\"heading.default\">\n\t\t\t\t<div class=\"elementor-widget-container\">\n\t\t\t\t\t<h2 class=\"elementor-heading-title elementor-size-default\">A 10 r\u00e8gles d'or<\/h2>\t\t\t\t<\/div>\n\t\t\t\t<\/div>\n\t\t\t\t<div class=\"elementor-element elementor-element-8da6f66 color-scheme-inherit text-left elementor-widget elementor-widget-text-editor\" data-id=\"8da6f66\" data-element_type=\"widget\" data-e-type=\"widget\" data-widget_type=\"text-editor.default\">\n\t\t\t\t<div class=\"elementor-widget-container\">\n\t\t\t\t\t\t\t\t\t<ol>\n \t<li>Le plus important est que vous vous sentiez \u00e0 l'aise dans votre costume. Veillez \u00e0 ce que le costume et la chemise soulignent votre personnalit\u00e9, et non l'inverse. Moins, c'est souvent plus.<\/li>\n \t<li>Investissez dans la qualit\u00e9. Un costume et une chemise bien faits dureront des ann\u00e9es et seront plus beaux qu'une alternative moins ch\u00e8re. Il vaut la peine d'investir dans des v\u00eatements de qualit\u00e9 faits sur mesure, qui vous vont bien et vous donnent confiance en vous.<\/li>\n \t<li>La coupe est essentielle. Assurez-vous que votre costume et votre chemise vous vont bien. Prenez votre temps et faites-vous aider par une deuxi\u00e8me personne lorsque vous prenez vos mesures.<\/li>\n \t<li>S'habiller en fonction de l'occasion. Diff\u00e9rentes occasions requi\u00e8rent diff\u00e9rents niveaux de formalit\u00e9. Et sachez o\u00f9 vous mettez les pieds : En tant qu'invit\u00e9e au mariage, par exemple, vous ne devez pas faire de l'ombre au mari\u00e9 en termes de tenue.<\/li>\n \t<li>Accessoirisez de mani\u00e8re r\u00e9fl\u00e9chie : Les cravates, les boutons de manchette, les pochettes et les ceintures peuvent donner du cachet \u00e0 votre tenue, mais n'en faites pas trop. Choisissez un ou deux accessoires qui compl\u00e8tent votre costume et votre chemise, plut\u00f4t que de les surcharger.<\/li>\n \t<li>Portez les bonnes chaussures. Des chaussures de ville noires ou brunes sont indispensables pour toute combinaison costume-chemise. Veillez \u00e0 ce qu'elles soient propres et bien cir\u00e9es et qu'elles soient assorties \u00e0 votre ceinture.<\/li>\n \t<li>Faites attention aux d\u00e9tails. Veillez \u00e0 ce que votre costume et votre chemise soient bien repass\u00e9s et ne soient pas froiss\u00e9s. Veillez \u00e0 ce que votre cravate soit bien droite et vos chaussures bien cir\u00e9es.<\/li>\n \t<li>Veillez \u00e0 votre hygi\u00e8ne. Une bonne coiffure et une barbe fra\u00eeche compl\u00e8tent votre tenue.<\/li>\n \t<li>Le costume classique est le costume \u00e0 simple boutonnage avec deux boutons, deux fentes et une doublure et des boutons assortis. La chemise classique La chemise classique est une chemise \u00e0 manches longues, avec un col Kent et sans poche de poitrine. Vous ne vous tromperez certainement pas.<\/li>\n \t<li>Couleurs classiques : Le noir, le bleu marine et le gris sont des couleurs de costume intemporelles qui ne se d\u00e9modent jamais. Le blanc, le bleu clair et le rose sont des couleurs de chemise classiques qui s'accordent bien avec ces costumes. En r\u00e8gle g\u00e9n\u00e9rale, la chemise est plus claire que le costume. Les accessoires tels que la cravate ou le n\u0153ud papillon sont plus fonc\u00e9s que la chemise.<\/li>\n<\/ul>\t\t\t\t\t\t\t\t<\/div>\n\t\t\t\t<\/div>\n\t\t\t\t\t<\/div>\n\t\t<\/div>\n\t\t\t\t<div class=\"elementor-column elementor-col-50 elementor-top-column elementor-element elementor-element-a4e7846\" data-id=\"a4e7846\" data-element_type=\"column\" data-e-type=\"column\">\n\t\t\t<div class=\"elementor-widget-wrap elementor-element-populated\">\n\t\t\t\t\t\t<div class=\"elementor-element elementor-element-07722d0 elementor-widget elementor-widget-image\" data-id=\"07722d0\" data-element_type=\"widget\" data-e-type=\"widget\" data-widget_type=\"image.default\">\n\t\t\t\t<div class=\"elementor-widget-container\">\n\t\t\t\t\t\t\t\t\t\t\t\t\t\t\t<img fetchpriority=\"high\" decoding=\"async\" width=\"2000\" height=\"2146\" src=\"https:\/\/nijo-suits.com\/wp-content\/uploads\/2024\/08\/A-10-Golden-Rules.jpg\" class=\"attachment-full size-full wp-image-8744\" alt=\"\" srcset=\"https:\/\/nijo-suits.com\/wp-content\/uploads\/2024\/08\/A-10-Golden-Rules.jpg 2000w, https:\/\/nijo-suits.com\/wp-content\/uploads\/2024\/08\/A-10-Golden-Rules-430x461.jpg 430w, https:\/\/nijo-suits.com\/wp-content\/uploads\/2024\/08\/A-10-Golden-Rules-150x161.jpg 150w, https:\/\/nijo-suits.com\/wp-content\/uploads\/2024\/08\/A-10-Golden-Rules-700x751.jpg 700w, https:\/\/nijo-suits.com\/wp-content\/uploads\/2024\/08\/A-10-Golden-Rules-280x300.jpg 280w, https:\/\/nijo-suits.com\/wp-content\/uploads\/2024\/08\/A-10-Golden-Rules-746x800.jpg 746w, https:\/\/nijo-suits.com\/wp-content\/uploads\/2024\/08\/A-10-Golden-Rules-768x824.jpg 768w, https:\/\/nijo-suits.com\/wp-content\/uploads\/2024\/08\/A-10-Golden-Rules-1432x1536.jpg 1432w, https:\/\/nijo-suits.com\/wp-content\/uploads\/2024\/08\/A-10-Golden-Rules-1909x2048.jpg 1909w, https:\/\/nijo-suits.com\/wp-content\/uploads\/2024\/08\/A-10-Golden-Rules-200x215.jpg 200w, https:\/\/nijo-suits.com\/wp-content\/uploads\/2024\/08\/A-10-Golden-Rules-860x923.jpg 860w\" sizes=\"(max-width: 2000px) 100vw, 2000px\" \/>\t\t\t\t\t\t\t\t\t\t\t\t\t\t\t<\/div>\n\t\t\t\t<\/div>\n\t\t\t\t<div class=\"elementor-element elementor-element-abb0f44 elementor-widget elementor-widget-image\" data-id=\"abb0f44\" data-element_type=\"widget\" data-e-type=\"widget\" data-widget_type=\"image.default\">\n\t\t\t\t<div class=\"elementor-widget-container\">\n\t\t\t\t\t\t\t\t\t\t\t\t\t\t\t<img decoding=\"async\" width=\"2000\" height=\"1650\" src=\"https:\/\/nijo-suits.com\/wp-content\/uploads\/2024\/08\/A-10-Golden-Rules-2.jpg\" class=\"attachment-full size-full wp-image-8745\" alt=\"\" srcset=\"https:\/\/nijo-suits.com\/wp-content\/uploads\/2024\/08\/A-10-Golden-Rules-2.jpg 2000w, https:\/\/nijo-suits.com\/wp-content\/uploads\/2024\/08\/A-10-Golden-Rules-2-430x355.jpg 430w, https:\/\/nijo-suits.com\/wp-content\/uploads\/2024\/08\/A-10-Golden-Rules-2-150x124.jpg 150w, https:\/\/nijo-suits.com\/wp-content\/uploads\/2024\/08\/A-10-Golden-Rules-2-700x578.jpg 700w, https:\/\/nijo-suits.com\/wp-content\/uploads\/2024\/08\/A-10-Golden-Rules-2-364x300.jpg 364w, https:\/\/nijo-suits.com\/wp-content\/uploads\/2024\/08\/A-10-Golden-Rules-2-970x800.jpg 970w, https:\/\/nijo-suits.com\/wp-content\/uploads\/2024\/08\/A-10-Golden-Rules-2-768x634.jpg 768w, https:\/\/nijo-suits.com\/wp-content\/uploads\/2024\/08\/A-10-Golden-Rules-2-1536x1267.jpg 1536w, https:\/\/nijo-suits.com\/wp-content\/uploads\/2024\/08\/A-10-Golden-Rules-2-200x165.jpg 200w, https:\/\/nijo-suits.com\/wp-content\/uploads\/2024\/08\/A-10-Golden-Rules-2-860x710.jpg 860w\" sizes=\"(max-width: 2000px) 100vw, 2000px\" \/>\t\t\t\t\t\t\t\t\t\t\t\t\t\t\t<\/div>\n\t\t\t\t<\/div>\n\t\t\t\t\t<\/div>\n\t\t<\/div>\n\t\t\t\t\t<\/div>\n\t\t<\/section>\n\t\t\t\t<section class=\"elementor-section elementor-top-section elementor-element elementor-element-149a4a0 elementor-section-content-middle elementor-section-boxed elementor-section-height-default elementor-section-height-default wd-section-disabled\" data-id=\"149a4a0\" data-element_type=\"section\" data-e-type=\"section\">\n\t\t\t\t\t\t<div class=\"elementor-container elementor-column-gap-default\">\n\t\t\t\t\t<div class=\"elementor-column elementor-col-50 elementor-top-column elementor-element elementor-element-1050570\" data-id=\"1050570\" data-element_type=\"column\" data-e-type=\"column\">\n\t\t\t<div class=\"elementor-widget-wrap elementor-element-populated\">\n\t\t\t\t\t\t<div class=\"elementor-element elementor-element-9db3e9d elementor-widget elementor-widget-image\" data-id=\"9db3e9d\" data-element_type=\"widget\" data-e-type=\"widget\" data-widget_type=\"image.default\">\n\t\t\t\t<div class=\"elementor-widget-container\">\n\t\t\t\t\t\t\t\t\t\t\t\t\t\t\t<img decoding=\"async\" width=\"1709\" height=\"2560\" src=\"https:\/\/nijo-suits.com\/wp-content\/uploads\/2024\/08\/Body-types-2-scaled.jpg\" class=\"attachment-full size-full wp-image-8764\" alt=\"\" srcset=\"https:\/\/nijo-suits.com\/wp-content\/uploads\/2024\/08\/Body-types-2-scaled.jpg 1709w, https:\/\/nijo-suits.com\/wp-content\/uploads\/2024\/08\/Body-types-2-scaled-430x644.jpg 430w, https:\/\/nijo-suits.com\/wp-content\/uploads\/2024\/08\/Body-types-2-scaled-150x225.jpg 150w, https:\/\/nijo-suits.com\/wp-content\/uploads\/2024\/08\/Body-types-2-scaled-700x1049.jpg 700w\" sizes=\"(max-width: 1709px) 100vw, 1709px\" \/>\t\t\t\t\t\t\t\t\t\t\t\t\t\t\t<\/div>\n\t\t\t\t<\/div>\n\t\t\t\t\t<\/div>\n\t\t<\/div>\n\t\t\t\t<div class=\"elementor-column elementor-col-50 elementor-top-column elementor-element elementor-element-40aeb78\" data-id=\"40aeb78\" data-element_type=\"column\" data-e-type=\"column\">\n\t\t\t<div class=\"elementor-widget-wrap elementor-element-populated\">\n\t\t\t\t\t\t<div class=\"elementor-element elementor-element-858f30a elementor-widget elementor-widget-wd_accordion\" data-id=\"858f30a\" data-element_type=\"widget\" data-e-type=\"widget\" data-widget_type=\"wd_accordion.default\">\n\t\t\t\t<div class=\"elementor-widget-container\">\n\t\t\t\t\t\n\t\t<div class=\"wd-accordion wd-style-simple\" data-state=\"first\">\n\t\t\t\t\t\t\t\n\t\t\t\t<div class=\"wd-accordion-item\">\n\t\t\t\t\t<div class=\"wd-accordion-title wd-active text-left wd-opener-pos-left\" data-accordion-index=\"0\">\n\t\t\t\t\t\t<div class=\"wd-accordion-title-text\">\n\t\t\t\t\t\t\t\t\t\t\t\t\t\t<span>\n\t\t\t\t\t\t\t\tTypes de corps\t\t\t\t\t\t\t<\/span>\n\t\t\t\t\t\t<\/div>\n\t\t\t\t\t\t<span class=\"wd-accordion-opener wd-opener-style-arrow\"><\/span>\n\t\t\t\t\t<\/div>\n\n\t\t\t\t\t<div class=\"wd-accordion-content reset-last-child wd-active\" data-accordion-index=\"0\">\n\t\t\t\t\t\t\t\t\t\t\t\t\t\n\t\t\t\t\t\t\t<p>La morphologie de la plupart des hommes est fix\u00e9e au moment o\u00f9 ils ach\u00e8tent leur premier costume, seules la poitrine et la taille pouvant fluctuer au fil du temps. En revanche, la taille, la largeur des \u00e9paules et la longueur des membres restent constantes. Ces attributs \u00e9tant fixes, il est utile pour un homme de comprendre comment la conception d'un costume peut les accentuer ou les att\u00e9nuer.<\/p><p>Qu'il soit grand ou petit, large ou \u00e9troit, ou de corpulence moyenne, un homme doit tenir compte de plusieurs facteurs lors de l'achat d'un costume. Les hommes \u00e9troits devraient suivre les tactiques des grands, et les grands celles des petits. Il est important de noter que les recommandations suivantes ne constituent pas des r\u00e8gles strictes. En tant qu'homme de petite taille, vous pouvez bien entendu vous habiller dans le style qui vous pla\u00eet. Si vous souhaitez para\u00eetre plus grand, il y a certaines choses que vous pouvez faire pour vous aider, mais c'est en fin de compte \u00e0 vous de d\u00e9cider s'il s'agit d'une priorit\u00e9.<\/p>\n\t\t\t\t\t\t\t\t\t\t\t\t\t\t\t\t\t\t<\/div>\n\t\t\t\t<\/div>\n\t\t\t\t\t\t\t\n\t\t\t\t<div class=\"wd-accordion-item\">\n\t\t\t\t\t<div class=\"wd-accordion-title text-left wd-opener-pos-left\" data-accordion-index=\"1\">\n\t\t\t\t\t\t<div class=\"wd-accordion-title-text\">\n\t\t\t\t\t\t\t\t\t\t\t\t\t\t<span>\n\t\t\t\t\t\t\t\tPetite et\/ou grande taille\t\t\t\t\t\t\t<\/span>\n\t\t\t\t\t\t<\/div>\n\t\t\t\t\t\t<span class=\"wd-accordion-opener wd-opener-style-arrow\"><\/span>\n\t\t\t\t\t<\/div>\n\n\t\t\t\t\t<div class=\"wd-accordion-content reset-last-child\" data-accordion-index=\"1\">\n\t\t\t\t\t\t\t\t\t\t\t\t\t\n\t\t\t\t\t\t\t<ul><li>\u00c9vitez l'exc\u00e8s de tissu, qui donne de l'ampleur et souligne la petite taille.<\/li><li>Optez pour une coupe pr\u00e8s du corps afin d'\u00e9viter que la veste n'\u00e9touffe les bras, la taille ou les hanches.<\/li><li>La jupe de la veste doit \u00eatre relativement courte pour allonger les jambes, mais pas aussi courte que les vestes \"cong\u00e9lateur de fesses\" \u00e0 la mode.<\/li><li>La taille du pantalon doit id\u00e9alement \u00eatre haute et se situer au niveau de la taille naturelle de l'homme afin d'allonger les jambes.<\/li><li>Tout ce qui supprime l'encombrement ou l'impression de largeur du costume est b\u00e9n\u00e9fique. \u00c9vitez donc les poches ticket, les grands rabats de poche et les poches plaqu\u00e9es.<\/li><li>\u00c9vitez les tons p\u00e2les, les couleurs vives et les grands motifs, mais une fine rayure peut allonger le corps.<\/li><li>Des chaussures fonc\u00e9es et une simple cravate accentueront le look. \u00c9vitez le contraste des vestes de sport ou des gilets bizarres.<\/li><\/ul>\n\t\t\t\t\t\t\t\t\t\t\t\t\t\t\t\t\t\t<\/div>\n\t\t\t\t<\/div>\n\t\t\t\t\t\t\t\n\t\t\t\t<div class=\"wd-accordion-item\">\n\t\t\t\t\t<div class=\"wd-accordion-title text-left wd-opener-pos-left\" data-accordion-index=\"2\">\n\t\t\t\t\t\t<div class=\"wd-accordion-title-text\">\n\t\t\t\t\t\t\t\t\t\t\t\t\t\t<span>\n\t\t\t\t\t\t\t\tGrandeur et\/ou \u00e9troitesse de la stature\t\t\t\t\t\t\t<\/span>\n\t\t\t\t\t\t<\/div>\n\t\t\t\t\t\t<span class=\"wd-accordion-opener wd-opener-style-arrow\"><\/span>\n\t\t\t\t\t<\/div>\n\n\t\t\t\t\t<div class=\"wd-accordion-content reset-last-child\" data-accordion-index=\"2\">\n\t\t\t\t\t\t\t\t\t\t\t\t\t\n\t\t\t\t\t\t\t<ul><li>\u00c9vitez les coupes trop serr\u00e9es et laissez un peu d'espace, en particulier pour la mesure de votre mollet. Vous obtiendrez ainsi un look plus \u00e9quilibr\u00e9 pour votre grande taille.<\/li><li>Pour un homme de grande taille, il est pr\u00e9f\u00e9rable d'interrompre le look avec des poches ticket, des poches plaqu\u00e9es et des carreaux larges.<\/li><li>Optez pour le style italien et raccourcissez l\u00e9g\u00e8rement les manches pour casser les lignes.<\/li><li>Portez une ceinture et une montre, optez pour des revers de pantalon et des chaussures textur\u00e9es comme des brogues.<\/li><li>Si vous devez porter des rayures, choisissez-les fines et peu espac\u00e9es sur votre costume, m\u00eame si le vieux dicton selon lequel les rayures verticales donnent de la hauteur est bien connu.<\/li><li>Choisissez des vestes de costume \u00e0 deux boutons car elles sont plus adapt\u00e9es. \u00c9vitez les vestes \u00e0 trois boutons, qui attirent l'attention sur votre taille.<\/li><\/ul>\n\t\t\t\t\t\t\t\t\t\t\t\t\t\t\t\t\t\t<\/div>\n\t\t\t\t<\/div>\n\t\t\t\t\t<\/div>\n\t\t\t\t\t\t<\/div>\n\t\t\t\t<\/div>\n\t\t\t\t\t<\/div>\n\t\t<\/div>\n\t\t\t\t\t<\/div>\n\t\t<\/section>\n\t\t\t\t<section class=\"elementor-section elementor-top-section elementor-element elementor-element-afdd30a elementor-section-content-middle elementor-section-boxed elementor-section-height-default elementor-section-height-default wd-section-disabled\" data-id=\"afdd30a\" data-element_type=\"section\" data-e-type=\"section\">\n\t\t\t\t\t\t<div class=\"elementor-container elementor-column-gap-default\">\n\t\t\t\t\t<div class=\"elementor-column elementor-col-50 elementor-top-column elementor-element elementor-element-35774e6\" data-id=\"35774e6\" data-element_type=\"column\" data-e-type=\"column\">\n\t\t\t<div class=\"elementor-widget-wrap elementor-element-populated\">\n\t\t\t\t\t\t<div class=\"elementor-element elementor-element-a003f8c elementor-widget elementor-widget-wd_accordion\" data-id=\"a003f8c\" data-element_type=\"widget\" data-e-type=\"widget\" data-widget_type=\"wd_accordion.default\">\n\t\t\t\t<div class=\"elementor-widget-container\">\n\t\t\t\t\t\n\t\t<div class=\"wd-accordion wd-style-simple\" data-state=\"first\">\n\t\t\t\t\t\t\t\n\t\t\t\t<div class=\"wd-accordion-item\">\n\t\t\t\t\t<div class=\"wd-accordion-title wd-active text-left wd-opener-pos-left\" data-accordion-index=\"0\">\n\t\t\t\t\t\t<div class=\"wd-accordion-title-text\">\n\t\t\t\t\t\t\t\t\t\t\t\t\t\t<span>\n\t\t\t\t\t\t\t\tCombinaisons de couleurs\t\t\t\t\t\t\t<\/span>\n\t\t\t\t\t\t<\/div>\n\t\t\t\t\t\t<span class=\"wd-accordion-opener wd-opener-style-arrow\"><\/span>\n\t\t\t\t\t<\/div>\n\n\t\t\t\t\t<div class=\"wd-accordion-content reset-last-child wd-active\" data-accordion-index=\"0\">\n\t\t\t\t\t\t\t\t\t\t\t\t\t\n\t\t\t\t\t\t\t<ul><li>Commencez par un costume solide de couleur marine ou gris moyen, car ils sont polyvalents et conviennent \u00e0 la plupart des occasions.<\/li><li>Le gris anthracite et le marron fonc\u00e9 sont \u00e9galement des options polyvalentes qui conviennent \u00e0 des environnements plus formels.<\/li><li>Les costumes de couleur plus claire, dans les tons de beige ou de tan, sont appropri\u00e9s pour l'\u00e9t\u00e9 et les occasions moins formelles.<\/li><li>Le meilleur choix de chemises est le blanc, suivi du bleu clair et du rose. Elles s'accordent avec presque tous les costumes.<\/li><li>Les motifs doivent \u00eatre choisis en fonction des pr\u00e9f\u00e9rences personnelles et de la formalit\u00e9 de l'occasion. Les motifs conservateurs comme les rayures et les chevrons conviennent \u00e0 des contextes plus formels, tandis que les motifs plus audacieux comme les carreaux ou les vitres conviennent mieux \u00e0 des occasions plus d\u00e9contract\u00e9es.<\/li><li>Tenez compte de l'\u00e9chelle du motif par rapport \u00e0 votre taille. Les grands motifs conviennent mieux aux hommes de grande taille, tandis que les petits motifs conviennent mieux aux hommes de petite taille.<\/li><li>Surtout pour votre premier costume : moins, c'est souvent mieux. Si vous optez pour un costume \u00e0 motifs ou \u00e0 rayures, une chemise unie est recommand\u00e9e. \u00c9vitez \u00e9galement les couleurs trop vives. Si votre costume comporte deux couleurs ou plus, une chemise blanche ou d'une couleur que l'on retrouve \u00e9galement dans le tissu du costume est le meilleur choix. N'oubliez pas que votre ceinture, vos chaussures et vos accessoires ajouteront au moins une couleur suppl\u00e9mentaire \u00e0 votre tenue.<\/li><\/ul>\n\t\t\t\t\t\t\t\t\t\t\t\t\t\t\t\t\t\t<\/div>\n\t\t\t\t<\/div>\n\t\t\t\t\t\t\t\n\t\t\t\t<div class=\"wd-accordion-item\">\n\t\t\t\t\t<div class=\"wd-accordion-title text-left wd-opener-pos-left\" data-accordion-index=\"1\">\n\t\t\t\t\t\t<div class=\"wd-accordion-title-text\">\n\t\t\t\t\t\t\t\t\t\t\t\t\t\t<span>\n\t\t\t\t\t\t\t\tD\u00e9tails et accessoires\t\t\t\t\t\t\t<\/span>\n\t\t\t\t\t\t<\/div>\n\t\t\t\t\t\t<span class=\"wd-accordion-opener wd-opener-style-arrow\"><\/span>\n\t\t\t\t\t<\/div>\n\n\t\t\t\t\t<div class=\"wd-accordion-content reset-last-child\" data-accordion-index=\"1\">\n\t\t\t\t\t\t\t\t\t\t\t\t\t\n\t\t\t\t\t\t\t<ul><li>Il est important de faire la distinction entre les d\u00e9tails visibles tels que les boutons, la cravate et les chaussures et les d\u00e9tails qui ne sont pas visibles au premier coup d'\u0153il, tels que la doublure et le passepoil.<\/li><li>Les accessoires tels que les cravates et les pochettes peuvent ajouter de l'int\u00e9r\u00eat et de la personnalit\u00e9 \u00e0 un costume, mais ils doivent \u00eatre choisis avec soin pour s'harmoniser avec la couleur et le motif du costume.<\/li><li>En particulier pour votre premier costume, qui doit servir \u00e0 diff\u00e9rentes occasions, il est conseill\u00e9 d'\u00e9viter trop de d\u00e9tails sp\u00e9ciaux. Si vous voulez en faire trop, optez pour les d\u00e9tails invisibles : par exemple, une doublure en cachemire ou en couleurs vives.<\/li><li>Une bonne fa\u00e7on d'utiliser les d\u00e9tails et les accessoires est le principe du ton sur ton ou le principe du contraste des couleurs.<\/li><li>Les couleurs classiques pour les ceintures et les chaussures qui vont avec presque tous les costumes et chemises sont le noir et le marron fonc\u00e9. Avec les costumes tr\u00e8s clairs, le contraste avec les chaussures noires peut \u00eatre trop fort.<\/li><li>Le cognac est \u00e9galement une couleur populaire pour les ceintures et les chaussures. Comme le cognac apporte plus de couleur \u00e0 la tenue que le noir et le marron fonc\u00e9, il peut surcharger votre tenue et lui donner un air bon march\u00e9.<\/li><\/ul>\n\t\t\t\t\t\t\t\t\t\t\t\t\t\t\t\t\t\t<\/div>\n\t\t\t\t<\/div>\n\t\t\t\t\t<\/div>\n\t\t\t\t\t\t<\/div>\n\t\t\t\t<\/div>\n\t\t\t\t\t<\/div>\n\t\t<\/div>\n\t\t\t\t<div class=\"elementor-column elementor-col-50 elementor-top-column elementor-element elementor-element-66df60d\" data-id=\"66df60d\" data-element_type=\"column\" data-e-type=\"column\">\n\t\t\t<div class=\"elementor-widget-wrap elementor-element-populated\">\n\t\t\t\t\t\t<div class=\"elementor-element elementor-element-284b907 elementor-widget elementor-widget-gallery\" data-id=\"284b907\" data-element_type=\"widget\" data-e-type=\"widget\" data-settings=\"{&quot;gallery_layout&quot;:&quot;masonry&quot;,&quot;columns&quot;:2,&quot;lazyload&quot;:&quot;yes&quot;,&quot;columns_tablet&quot;:2,&quot;columns_mobile&quot;:1,&quot;gap&quot;:{&quot;unit&quot;:&quot;px&quot;,&quot;size&quot;:10,&quot;sizes&quot;:[]},&quot;gap_tablet&quot;:{&quot;unit&quot;:&quot;px&quot;,&quot;size&quot;:10,&quot;sizes&quot;:[]},&quot;gap_mobile&quot;:{&quot;unit&quot;:&quot;px&quot;,&quot;size&quot;:10,&quot;sizes&quot;:[]},&quot;link_to&quot;:&quot;file&quot;,&quot;overlay_background&quot;:&quot;yes&quot;,&quot;content_hover_animation&quot;:&quot;fade-in&quot;}\" data-widget_type=\"gallery.default\">\n\t\t\t\t<div class=\"elementor-widget-container\">\n\t\t\t\t\t\t\t<div class=\"elementor-gallery__container\">\n\t\t\t\t\t\t\t<a class=\"e-gallery-item elementor-gallery-item elementor-animated-content\" href=\"https:\/\/nijo-suits.com\/wp-content\/uploads\/2024\/08\/Details-Accessories.jpg\" data-elementor-open-lightbox=\"yes\" data-elementor-lightbox-slideshow=\"284b907\" data-elementor-lightbox-title=\"Details &amp; Accessories\" data-e-action-hash=\"#elementor-action%3Aaction%3Dlightbox%26settings%3DeyJpZCI6ODc5NSwidXJsIjoiaHR0cHM6XC9cL25pam8tc3VpdHMuY29tXC93cC1jb250ZW50XC91cGxvYWRzXC8yMDI0XC8wOFwvRGV0YWlscy1BY2Nlc3Nvcmllcy5qcGciLCJzbGlkZXNob3ciOiIyODRiOTA3In0%3D\">\n\t\t\t\t\t<div class=\"e-gallery-image elementor-gallery-item__image\" data-thumbnail=\"https:\/\/nijo-suits.com\/wp-content\/uploads\/2024\/08\/Details-Accessories.jpg\" data-width=\"2000\" data-height=\"1334\" aria-label=\"\" role=\"img\" ><\/div>\n\t\t\t\t\t\t\t\t\t\t\t<div class=\"elementor-gallery-item__overlay\"><\/div>\n\t\t\t\t\t\t\t\t\t\t\t\t\t\t<\/a>\n\t\t\t\t\t\t\t<a class=\"e-gallery-item elementor-gallery-item elementor-animated-content\" href=\"https:\/\/nijo-suits.com\/wp-content\/uploads\/2024\/08\/Color-combinations-scaled.jpg\" data-elementor-open-lightbox=\"yes\" data-elementor-lightbox-slideshow=\"284b907\" data-elementor-lightbox-title=\"Color combinations\" data-e-action-hash=\"#elementor-action%3Aaction%3Dlightbox%26settings%3DeyJpZCI6ODc3NiwidXJsIjoiaHR0cHM6XC9cL25pam8tc3VpdHMuY29tXC93cC1jb250ZW50XC91cGxvYWRzXC8yMDI0XC8wOFwvQ29sb3ItY29tYmluYXRpb25zLXNjYWxlZC5qcGciLCJzbGlkZXNob3ciOiIyODRiOTA3In0%3D\">\n\t\t\t\t\t<div class=\"e-gallery-image elementor-gallery-item__image\" data-thumbnail=\"https:\/\/nijo-suits.com\/wp-content\/uploads\/2024\/08\/Color-combinations-scaled.jpg\" data-width=\"1709\" data-height=\"2560\" aria-label=\"\" role=\"img\" ><\/div>\n\t\t\t\t\t\t\t\t\t\t\t<div class=\"elementor-gallery-item__overlay\"><\/div>\n\t\t\t\t\t\t\t\t\t\t\t\t\t\t<\/a>\n\t\t\t\t\t\t\t<a class=\"e-gallery-item elementor-gallery-item elementor-animated-content\" href=\"https:\/\/nijo-suits.com\/wp-content\/uploads\/2024\/08\/Color-combinations-2-scaled.jpg\" data-elementor-open-lightbox=\"yes\" data-elementor-lightbox-slideshow=\"284b907\" data-elementor-lightbox-title=\"Color combinations (2)\" data-e-action-hash=\"#elementor-action%3Aaction%3Dlightbox%26settings%3DeyJpZCI6ODc3NywidXJsIjoiaHR0cHM6XC9cL25pam8tc3VpdHMuY29tXC93cC1jb250ZW50XC91cGxvYWRzXC8yMDI0XC8wOFwvQ29sb3ItY29tYmluYXRpb25zLTItc2NhbGVkLmpwZyIsInNsaWRlc2hvdyI6IjI4NGI5MDcifQ%3D%3D\">\n\t\t\t\t\t<div class=\"e-gallery-image elementor-gallery-item__image\" data-thumbnail=\"https:\/\/nijo-suits.com\/wp-content\/uploads\/2024\/08\/Color-combinations-2-scaled.jpg\" data-width=\"1709\" data-height=\"2560\" aria-label=\"\" role=\"img\" ><\/div>\n\t\t\t\t\t\t\t\t\t\t\t<div class=\"elementor-gallery-item__overlay\"><\/div>\n\t\t\t\t\t\t\t\t\t\t\t\t\t\t<\/a>\n\t\t\t\t\t\t\t<a class=\"e-gallery-item elementor-gallery-item elementor-animated-content\" href=\"https:\/\/nijo-suits.com\/wp-content\/uploads\/2024\/08\/Details-Accessories-2.jpg\" data-elementor-open-lightbox=\"yes\" data-elementor-lightbox-slideshow=\"284b907\" data-elementor-lightbox-title=\"Details &amp; Accessories (2)\" data-e-action-hash=\"#elementor-action%3Aaction%3Dlightbox%26settings%3DeyJpZCI6ODc5NCwidXJsIjoiaHR0cHM6XC9cL25pam8tc3VpdHMuY29tXC93cC1jb250ZW50XC91cGxvYWRzXC8yMDI0XC8wOFwvRGV0YWlscy1BY2Nlc3Nvcmllcy0yLmpwZyIsInNsaWRlc2hvdyI6IjI4NGI5MDcifQ%3D%3D\">\n\t\t\t\t\t<div class=\"e-gallery-image elementor-gallery-item__image\" data-thumbnail=\"https:\/\/nijo-suits.com\/wp-content\/uploads\/2024\/08\/Details-Accessories-2.jpg\" data-width=\"2000\" data-height=\"1334\" aria-label=\"\" role=\"img\" ><\/div>\n\t\t\t\t\t\t\t\t\t\t\t<div class=\"elementor-gallery-item__overlay\"><\/div>\n\t\t\t\t\t\t\t\t\t\t\t\t\t\t<\/a>\n\t\t\t\t\t<\/div>\n\t\t\t\t\t<\/div>\n\t\t\t\t<\/div>\n\t\t\t\t\t<\/div>\n\t\t<\/div>\n\t\t\t\t\t<\/div>\n\t\t<\/section>\n\t\t\t\t<\/div>","protected":false},"excerpt":{"rendered":"<p>A 10 Golden Rules The most important thing is that you feel comfortable in your suit. Make sure that the<\/p>","protected":false},"author":2,"featured_media":0,"parent":0,"menu_order":0,"comment_status":"closed","ping_status":"closed","template":"","meta":{"content-type":"","footnotes":""},"class_list":["post-8738","page","type-page","status-publish","hentry"],"_links":{"self":[{"href":"https:\/\/nijo-suits.com\/fr\/wp-json\/wp\/v2\/pages\/8738","targetHints":{"allow":["GET"]}}],"collection":[{"href":"https:\/\/nijo-suits.com\/fr\/wp-json\/wp\/v2\/pages"}],"about":[{"href":"https:\/\/nijo-suits.com\/fr\/wp-json\/wp\/v2\/types\/page"}],"author":[{"embeddable":true,"href":"https:\/\/nijo-suits.com\/fr\/wp-json\/wp\/v2\/users\/2"}],"replies":[{"embeddable":true,"href":"https:\/\/nijo-suits.com\/fr\/wp-json\/wp\/v2\/comments?post=8738"}],"version-history":[{"count":112,"href":"https:\/\/nijo-suits.com\/fr\/wp-json\/wp\/v2\/pages\/8738\/revisions"}],"predecessor-version":[{"id":10749,"href":"https:\/\/nijo-suits.com\/fr\/wp-json\/wp\/v2\/pages\/8738\/revisions\/10749"}],"wp:attachment":[{"href":"https:\/\/nijo-suits.com\/fr\/wp-json\/wp\/v2\/media?parent=8738"}],"curies":[{"name":"wp","href":"https:\/\/api.w.org\/{rel}","templated":true}]}}