{"id":8738,"date":"2024-08-30T06:33:29","date_gmt":"2024-08-30T06:33:29","guid":{"rendered":"https:\/\/nijo-suits.com\/?page_id=8738"},"modified":"2025-09-03T07:47:30","modified_gmt":"2025-09-03T07:47:30","slug":"styling-guide","status":"publish","type":"page","link":"https:\/\/nijo-suits.com\/es\/styling-guide\/","title":{"rendered":"Gu\u00eda de estilo"},"content":{"rendered":"<div data-elementor-type=\"wp-page\" data-elementor-id=\"8738\" class=\"elementor elementor-8738\" data-elementor-post-type=\"page\">\n\t\t\t\t\t\t<section class=\"elementor-section elementor-top-section elementor-element elementor-element-1c9344a2 elementor-section-content-middle elementor-section-boxed elementor-section-height-default elementor-section-height-default wd-section-disabled\" data-id=\"1c9344a2\" data-element_type=\"section\" data-e-type=\"section\">\n\t\t\t\t\t\t<div class=\"elementor-container elementor-column-gap-default\">\n\t\t\t\t\t<div class=\"elementor-column elementor-col-50 elementor-top-column elementor-element elementor-element-41bec3dc\" data-id=\"41bec3dc\" data-element_type=\"column\" data-e-type=\"column\">\n\t\t\t<div class=\"elementor-widget-wrap elementor-element-populated\">\n\t\t\t\t\t\t<div class=\"elementor-element elementor-element-8dd885f elementor-widget elementor-widget-heading\" data-id=\"8dd885f\" data-element_type=\"widget\" data-e-type=\"widget\" data-widget_type=\"heading.default\">\n\t\t\t\t<div class=\"elementor-widget-container\">\n\t\t\t\t\t<h2 class=\"elementor-heading-title elementor-size-default\">A 10 reglas de oro<\/h2>\t\t\t\t<\/div>\n\t\t\t\t<\/div>\n\t\t\t\t<div class=\"elementor-element elementor-element-8da6f66 color-scheme-inherit text-left elementor-widget elementor-widget-text-editor\" data-id=\"8da6f66\" data-element_type=\"widget\" data-e-type=\"widget\" data-widget_type=\"text-editor.default\">\n\t\t\t\t<div class=\"elementor-widget-container\">\n\t\t\t\t\t\t\t\t\t<ol>\n \t<li>Lo m\u00e1s importante es que se sienta c\u00f3modo con su traje. Aseg\u00farese de que el traje y la camisa resalten su personalidad, y no al rev\u00e9s. Menos es m\u00e1s.<\/li>\n \t<li>Invierte en calidad. Un traje y una camisa bien hechos durar\u00e1n a\u00f1os y tendr\u00e1n mejor aspecto que una alternativa m\u00e1s barata. Merece la pena invertir en prendas de calidad hechas a medida que te queden bien y te hagan sentir seguro.<\/li>\n \t<li>El ajuste es clave. Aseg\u00farate de que el traje y la camisa te quedan bien. As\u00ed que t\u00f3mate tu tiempo y aseg\u00farate de contar con el apoyo de una segunda persona a la hora de tomar tus medidas.<\/li>\n \t<li>V\u00edstete para la ocasi\u00f3n. Cada ocasi\u00f3n requiere un nivel de formalidad distinto. Y conoce tu lugar: Como invitado a la boda, por ejemplo, no debes eclipsar al novio en cuanto a atuendo.<\/li>\n \t<li>Ponga los accesorios con cuidado: Las corbatas, los gemelos, los pa\u00f1uelos de bolsillo y los cinturones pueden dar un toque de estilo a tu traje, pero no te excedas. Elige uno o dos accesorios que complementen el traje y la camisa, en lugar de sobrecargarlos.<\/li>\n \t<li>Lleve los zapatos adecuados. Los zapatos de vestir negros o marrones son esenciales para cualquier combinaci\u00f3n de traje y camisa. Aseg\u00farate de que est\u00e9n limpios y pulidos y de que combinen con tu cintur\u00f3n.<\/li>\n \t<li>Presta atenci\u00f3n a los detalles. Aseg\u00farese de que el traje y la camisa est\u00e1n bien planchados y sin arrugas. Aseg\u00farate de que la corbata est\u00e9 recta y los zapatos lustrados.<\/li>\n \t<li>Cuida tu aspecto. Un buen peinado y una barba reci\u00e9n arreglada completan tu atuendo.<\/li>\n \t<li>El traje cl\u00e1sico es el traje de un solo pecho con dos botones, dos aberturas y forro y botones a juego. La camisa cl\u00e1sica La camisa cl\u00e1sica es de manga larga, con cuello Kent y sin bolsillo en el pecho. Sin duda, no se equivocar\u00e1 con ella.<\/li>\n \t<li>Colores cl\u00e1sicos: El negro, el azul marino y el gris son colores atemporales que nunca pasan de moda. El blanco, el azul claro y el rosa son colores cl\u00e1sicos de camisa que combinan bien con estos trajes. Cl\u00e1sicamente, la camisa es m\u00e1s clara que el traje. Los accesorios, como la corbata o la pajarita, son m\u00e1s oscuros que la camisa.<\/li>\n<\/ul>\t\t\t\t\t\t\t\t<\/div>\n\t\t\t\t<\/div>\n\t\t\t\t\t<\/div>\n\t\t<\/div>\n\t\t\t\t<div class=\"elementor-column elementor-col-50 elementor-top-column elementor-element elementor-element-a4e7846\" data-id=\"a4e7846\" data-element_type=\"column\" data-e-type=\"column\">\n\t\t\t<div class=\"elementor-widget-wrap elementor-element-populated\">\n\t\t\t\t\t\t<div class=\"elementor-element elementor-element-07722d0 elementor-widget elementor-widget-image\" data-id=\"07722d0\" data-element_type=\"widget\" data-e-type=\"widget\" data-widget_type=\"image.default\">\n\t\t\t\t<div class=\"elementor-widget-container\">\n\t\t\t\t\t\t\t\t\t\t\t\t\t\t\t<img fetchpriority=\"high\" decoding=\"async\" width=\"2000\" height=\"2146\" src=\"https:\/\/nijo-suits.com\/wp-content\/uploads\/2024\/08\/A-10-Golden-Rules.jpg\" class=\"attachment-full size-full wp-image-8744\" alt=\"\" srcset=\"https:\/\/nijo-suits.com\/wp-content\/uploads\/2024\/08\/A-10-Golden-Rules.jpg 2000w, https:\/\/nijo-suits.com\/wp-content\/uploads\/2024\/08\/A-10-Golden-Rules-430x461.jpg 430w, https:\/\/nijo-suits.com\/wp-content\/uploads\/2024\/08\/A-10-Golden-Rules-150x161.jpg 150w, https:\/\/nijo-suits.com\/wp-content\/uploads\/2024\/08\/A-10-Golden-Rules-700x751.jpg 700w, https:\/\/nijo-suits.com\/wp-content\/uploads\/2024\/08\/A-10-Golden-Rules-280x300.jpg 280w, https:\/\/nijo-suits.com\/wp-content\/uploads\/2024\/08\/A-10-Golden-Rules-746x800.jpg 746w, https:\/\/nijo-suits.com\/wp-content\/uploads\/2024\/08\/A-10-Golden-Rules-768x824.jpg 768w, https:\/\/nijo-suits.com\/wp-content\/uploads\/2024\/08\/A-10-Golden-Rules-1432x1536.jpg 1432w, https:\/\/nijo-suits.com\/wp-content\/uploads\/2024\/08\/A-10-Golden-Rules-1909x2048.jpg 1909w, https:\/\/nijo-suits.com\/wp-content\/uploads\/2024\/08\/A-10-Golden-Rules-200x215.jpg 200w, https:\/\/nijo-suits.com\/wp-content\/uploads\/2024\/08\/A-10-Golden-Rules-860x923.jpg 860w\" sizes=\"(max-width: 2000px) 100vw, 2000px\" \/>\t\t\t\t\t\t\t\t\t\t\t\t\t\t\t<\/div>\n\t\t\t\t<\/div>\n\t\t\t\t<div class=\"elementor-element elementor-element-abb0f44 elementor-widget elementor-widget-image\" data-id=\"abb0f44\" data-element_type=\"widget\" data-e-type=\"widget\" data-widget_type=\"image.default\">\n\t\t\t\t<div class=\"elementor-widget-container\">\n\t\t\t\t\t\t\t\t\t\t\t\t\t\t\t<img decoding=\"async\" width=\"2000\" height=\"1650\" src=\"https:\/\/nijo-suits.com\/wp-content\/uploads\/2024\/08\/A-10-Golden-Rules-2.jpg\" class=\"attachment-full size-full wp-image-8745\" alt=\"\" srcset=\"https:\/\/nijo-suits.com\/wp-content\/uploads\/2024\/08\/A-10-Golden-Rules-2.jpg 2000w, https:\/\/nijo-suits.com\/wp-content\/uploads\/2024\/08\/A-10-Golden-Rules-2-430x355.jpg 430w, https:\/\/nijo-suits.com\/wp-content\/uploads\/2024\/08\/A-10-Golden-Rules-2-150x124.jpg 150w, https:\/\/nijo-suits.com\/wp-content\/uploads\/2024\/08\/A-10-Golden-Rules-2-700x578.jpg 700w, https:\/\/nijo-suits.com\/wp-content\/uploads\/2024\/08\/A-10-Golden-Rules-2-364x300.jpg 364w, https:\/\/nijo-suits.com\/wp-content\/uploads\/2024\/08\/A-10-Golden-Rules-2-970x800.jpg 970w, https:\/\/nijo-suits.com\/wp-content\/uploads\/2024\/08\/A-10-Golden-Rules-2-768x634.jpg 768w, https:\/\/nijo-suits.com\/wp-content\/uploads\/2024\/08\/A-10-Golden-Rules-2-1536x1267.jpg 1536w, https:\/\/nijo-suits.com\/wp-content\/uploads\/2024\/08\/A-10-Golden-Rules-2-200x165.jpg 200w, https:\/\/nijo-suits.com\/wp-content\/uploads\/2024\/08\/A-10-Golden-Rules-2-860x710.jpg 860w\" sizes=\"(max-width: 2000px) 100vw, 2000px\" \/>\t\t\t\t\t\t\t\t\t\t\t\t\t\t\t<\/div>\n\t\t\t\t<\/div>\n\t\t\t\t\t<\/div>\n\t\t<\/div>\n\t\t\t\t\t<\/div>\n\t\t<\/section>\n\t\t\t\t<section class=\"elementor-section elementor-top-section elementor-element elementor-element-149a4a0 elementor-section-content-middle elementor-section-boxed elementor-section-height-default elementor-section-height-default wd-section-disabled\" data-id=\"149a4a0\" data-element_type=\"section\" data-e-type=\"section\">\n\t\t\t\t\t\t<div class=\"elementor-container elementor-column-gap-default\">\n\t\t\t\t\t<div class=\"elementor-column elementor-col-50 elementor-top-column elementor-element elementor-element-1050570\" data-id=\"1050570\" data-element_type=\"column\" data-e-type=\"column\">\n\t\t\t<div class=\"elementor-widget-wrap elementor-element-populated\">\n\t\t\t\t\t\t<div class=\"elementor-element elementor-element-9db3e9d elementor-widget elementor-widget-image\" data-id=\"9db3e9d\" data-element_type=\"widget\" data-e-type=\"widget\" data-widget_type=\"image.default\">\n\t\t\t\t<div class=\"elementor-widget-container\">\n\t\t\t\t\t\t\t\t\t\t\t\t\t\t\t<img decoding=\"async\" width=\"1709\" height=\"2560\" src=\"https:\/\/nijo-suits.com\/wp-content\/uploads\/2024\/08\/Body-types-2-scaled.jpg\" class=\"attachment-full size-full wp-image-8764\" alt=\"\" srcset=\"https:\/\/nijo-suits.com\/wp-content\/uploads\/2024\/08\/Body-types-2-scaled.jpg 1709w, https:\/\/nijo-suits.com\/wp-content\/uploads\/2024\/08\/Body-types-2-scaled-430x644.jpg 430w, https:\/\/nijo-suits.com\/wp-content\/uploads\/2024\/08\/Body-types-2-scaled-150x225.jpg 150w, https:\/\/nijo-suits.com\/wp-content\/uploads\/2024\/08\/Body-types-2-scaled-700x1049.jpg 700w\" sizes=\"(max-width: 1709px) 100vw, 1709px\" \/>\t\t\t\t\t\t\t\t\t\t\t\t\t\t\t<\/div>\n\t\t\t\t<\/div>\n\t\t\t\t\t<\/div>\n\t\t<\/div>\n\t\t\t\t<div class=\"elementor-column elementor-col-50 elementor-top-column elementor-element elementor-element-40aeb78\" data-id=\"40aeb78\" data-element_type=\"column\" data-e-type=\"column\">\n\t\t\t<div class=\"elementor-widget-wrap elementor-element-populated\">\n\t\t\t\t\t\t<div class=\"elementor-element elementor-element-858f30a elementor-widget elementor-widget-wd_accordion\" data-id=\"858f30a\" data-element_type=\"widget\" data-e-type=\"widget\" data-widget_type=\"wd_accordion.default\">\n\t\t\t\t<div class=\"elementor-widget-container\">\n\t\t\t\t\t\n\t\t<div class=\"wd-accordion wd-style-simple\" data-state=\"first\">\n\t\t\t\t\t\t\t\n\t\t\t\t<div class=\"wd-accordion-item\">\n\t\t\t\t\t<div class=\"wd-accordion-title wd-active text-left wd-opener-pos-left\" data-accordion-index=\"0\">\n\t\t\t\t\t\t<div class=\"wd-accordion-title-text\">\n\t\t\t\t\t\t\t\t\t\t\t\t\t\t<span>\n\t\t\t\t\t\t\t\tTipos de cuerpo\t\t\t\t\t\t\t<\/span>\n\t\t\t\t\t\t<\/div>\n\t\t\t\t\t\t<span class=\"wd-accordion-opener wd-opener-style-arrow\"><\/span>\n\t\t\t\t\t<\/div>\n\n\t\t\t\t\t<div class=\"wd-accordion-content reset-last-child wd-active\" data-accordion-index=\"0\">\n\t\t\t\t\t\t\t\t\t\t\t\t\t\n\t\t\t\t\t\t\t<p>La forma del cuerpo de la mayor\u00eda de los hombres se establece en el momento en que compran su primer traje, y s\u00f3lo el pecho y la cintura pueden fluctuar con el tiempo. Sin embargo, la estatura, la anchura de los hombros y la longitud de las extremidades permanecen constantes. Con estos atributos fijos, es beneficioso para un hombre entender c\u00f3mo el dise\u00f1o de un traje puede acentuarlos o mitigarlos.<\/p><p>Ya sea alto o bajo, ancho o estrecho, o de complexi\u00f3n media, hay varios factores que un hombre debe tener en cuenta a la hora de comprar un traje. Los hombres estrechos deben seguir las t\u00e1cticas de los altos, y los grandes las de los bajos. Es importante se\u00f1alar que las siguientes recomendaciones no son reglas estrictas. Como hombre bajo, puede vestir con el estilo que desee, por supuesto. Si desea parecer m\u00e1s alto, hay algunas cosas que puede hacer para ayudarle, pero en \u00faltima instancia depende de usted decidir si es una prioridad.<\/p>\n\t\t\t\t\t\t\t\t\t\t\t\t\t\t\t\t\t\t<\/div>\n\t\t\t\t<\/div>\n\t\t\t\t\t\t\t\n\t\t\t\t<div class=\"wd-accordion-item\">\n\t\t\t\t\t<div class=\"wd-accordion-title text-left wd-opener-pos-left\" data-accordion-index=\"1\">\n\t\t\t\t\t\t<div class=\"wd-accordion-title-text\">\n\t\t\t\t\t\t\t\t\t\t\t\t\t\t<span>\n\t\t\t\t\t\t\t\tEstatura baja y\/o grande\t\t\t\t\t\t\t<\/span>\n\t\t\t\t\t\t<\/div>\n\t\t\t\t\t\t<span class=\"wd-accordion-opener wd-opener-style-arrow\"><\/span>\n\t\t\t\t\t<\/div>\n\n\t\t\t\t\t<div class=\"wd-accordion-content reset-last-child\" data-accordion-index=\"1\">\n\t\t\t\t\t\t\t\t\t\t\t\t\t\n\t\t\t\t\t\t\t<ul><li>Evite el exceso de tela, ya que a\u00f1ade volumen y acent\u00faa una estatura m\u00e1s baja.<\/li><li>Opta por un corte ce\u00f1ido para evitar que la chaqueta te hunda los brazos, la cintura o las caderas.<\/li><li>El fald\u00f3n de la chaqueta debe ser relativamente corto para alargar las piernas, pero no tanto como las chaquetas \"congeladoras de culos\" tan de moda.<\/li><li>Lo ideal es que la cintura del pantal\u00f3n sea alta y est\u00e9 a la altura de la cintura natural del hombre para que las piernas parezcan m\u00e1s largas.<\/li><li>Cualquier cosa que elimine el volumen o la impresi\u00f3n de anchura del aspecto del traje es beneficiosa, as\u00ed que evite los bolsillos de ticket, las grandes solapas de bolsillo y los bolsillos de parche.<\/li><li>Evita los tonos p\u00e1lidos, los colores vivos y los estampados grandes, pero una raya fina puede alargar.<\/li><li>Unos zapatos oscuros y una corbata sencilla acentuar\u00e1n el look. Evite el contraste de chaquetas deportivas o chalecos extra\u00f1os.<\/li><\/ul>\n\t\t\t\t\t\t\t\t\t\t\t\t\t\t\t\t\t\t<\/div>\n\t\t\t\t<\/div>\n\t\t\t\t\t\t\t\n\t\t\t\t<div class=\"wd-accordion-item\">\n\t\t\t\t\t<div class=\"wd-accordion-title text-left wd-opener-pos-left\" data-accordion-index=\"2\">\n\t\t\t\t\t\t<div class=\"wd-accordion-title-text\">\n\t\t\t\t\t\t\t\t\t\t\t\t\t\t<span>\n\t\t\t\t\t\t\t\tEstatura alta y\/o estrecha\t\t\t\t\t\t\t<\/span>\n\t\t\t\t\t\t<\/div>\n\t\t\t\t\t\t<span class=\"wd-accordion-opener wd-opener-style-arrow\"><\/span>\n\t\t\t\t\t<\/div>\n\n\t\t\t\t\t<div class=\"wd-accordion-content reset-last-child\" data-accordion-index=\"2\">\n\t\t\t\t\t\t\t\t\t\t\t\t\t\n\t\t\t\t\t\t\t<ul><li>Evita un ajuste demasiado ce\u00f1ido y deja algo de espacio, sobre todo para la medida de la pantorrilla. As\u00ed conseguir\u00e1s un look m\u00e1s equilibrado para tu estatura.<\/li><li>Para un hombre alto, lo mejor es interrumpir el look con bolsillos de ticket, bolsillos de parche y cuadros anchos.<\/li><li>Opta por el estilo italiano y haz que las mangas sean ligeramente m\u00e1s cortas para romper las l\u00edneas.<\/li><li>Ponte un cintur\u00f3n y un reloj, opta por pu\u00f1os de pantal\u00f3n y unos zapatos con textura, como unos brogues.<\/li><li>Si tiene que llevar rayas, elija unas finas y poco espaciadas en el traje, aunque el viejo dicho de que las rayas verticales a\u00f1aden altura es bien conocido.<\/li><li>Elija chaquetas de traje de dos botones, ya que son m\u00e1s adecuadas. Evita las chaquetas de tres botones, ya que llaman la atenci\u00f3n sobre tu altura.<\/li><\/ul>\n\t\t\t\t\t\t\t\t\t\t\t\t\t\t\t\t\t\t<\/div>\n\t\t\t\t<\/div>\n\t\t\t\t\t<\/div>\n\t\t\t\t\t\t<\/div>\n\t\t\t\t<\/div>\n\t\t\t\t\t<\/div>\n\t\t<\/div>\n\t\t\t\t\t<\/div>\n\t\t<\/section>\n\t\t\t\t<section class=\"elementor-section elementor-top-section elementor-element elementor-element-afdd30a elementor-section-content-middle elementor-section-boxed elementor-section-height-default elementor-section-height-default wd-section-disabled\" data-id=\"afdd30a\" data-element_type=\"section\" data-e-type=\"section\">\n\t\t\t\t\t\t<div class=\"elementor-container elementor-column-gap-default\">\n\t\t\t\t\t<div class=\"elementor-column elementor-col-50 elementor-top-column elementor-element elementor-element-35774e6\" data-id=\"35774e6\" data-element_type=\"column\" data-e-type=\"column\">\n\t\t\t<div class=\"elementor-widget-wrap elementor-element-populated\">\n\t\t\t\t\t\t<div class=\"elementor-element elementor-element-a003f8c elementor-widget elementor-widget-wd_accordion\" data-id=\"a003f8c\" data-element_type=\"widget\" data-e-type=\"widget\" data-widget_type=\"wd_accordion.default\">\n\t\t\t\t<div class=\"elementor-widget-container\">\n\t\t\t\t\t\n\t\t<div class=\"wd-accordion wd-style-simple\" data-state=\"first\">\n\t\t\t\t\t\t\t\n\t\t\t\t<div class=\"wd-accordion-item\">\n\t\t\t\t\t<div class=\"wd-accordion-title wd-active text-left wd-opener-pos-left\" data-accordion-index=\"0\">\n\t\t\t\t\t\t<div class=\"wd-accordion-title-text\">\n\t\t\t\t\t\t\t\t\t\t\t\t\t\t<span>\n\t\t\t\t\t\t\t\tCombinaciones de colores\t\t\t\t\t\t\t<\/span>\n\t\t\t\t\t\t<\/div>\n\t\t\t\t\t\t<span class=\"wd-accordion-opener wd-opener-style-arrow\"><\/span>\n\t\t\t\t\t<\/div>\n\n\t\t\t\t\t<div class=\"wd-accordion-content reset-last-child wd-active\" data-accordion-index=\"0\">\n\t\t\t\t\t\t\t\t\t\t\t\t\t\n\t\t\t\t\t\t\t<ul><li>Empieza con un traje liso azul marino o gris medio, ya que son vers\u00e1tiles y apropiados para la mayor\u00eda de las ocasiones.<\/li><li>El gris marengo y el marr\u00f3n oscuro tambi\u00e9n son opciones vers\u00e1tiles apropiadas para ambientes m\u00e1s formales.<\/li><li>Los trajes de colores claros en tonos beige o tostado son apropiados para el verano y las ocasiones menos formales.<\/li><li>El absoluto MVP entre las camisas es el blanco, seguido del azul claro y el rosa. Combinan con casi todos los trajes.<\/li><li>Los estampados deben elegirse en funci\u00f3n de las preferencias personales y la formalidad de la ocasi\u00f3n. Los estampados conservadores, como las rayas diplom\u00e1ticas y la espiga, son apropiados para ambientes m\u00e1s formales, mientras que los estampados m\u00e1s atrevidos, como los cuadros o los cristales, son m\u00e1s apropiados para ocasiones informales.<\/li><li>Ten en cuenta la escala del estampado en relaci\u00f3n con el tama\u00f1o de tu cuerpo. Los patrones m\u00e1s grandes son m\u00e1s apropiados para hombres grandes, mientras que los patrones m\u00e1s peque\u00f1os son m\u00e1s apropiados para hombres peque\u00f1os.<\/li><li>Especialmente para su primer traje: menos suele ser m\u00e1s. Si eliges un traje estampado o a rayas, te recomendamos una camisa lisa. Evite tambi\u00e9n demasiados colores. Si su traje viene con 2 o m\u00e1s colores, una camisa blanca o de un color que tambi\u00e9n se encuentre en el tejido del traje es la mejor opci\u00f3n. Tenga en cuenta que el cintur\u00f3n, los zapatos y los accesorios a\u00f1adir\u00e1n al menos un color m\u00e1s a su traje.<\/li><\/ul>\n\t\t\t\t\t\t\t\t\t\t\t\t\t\t\t\t\t\t<\/div>\n\t\t\t\t<\/div>\n\t\t\t\t\t\t\t\n\t\t\t\t<div class=\"wd-accordion-item\">\n\t\t\t\t\t<div class=\"wd-accordion-title text-left wd-opener-pos-left\" data-accordion-index=\"1\">\n\t\t\t\t\t\t<div class=\"wd-accordion-title-text\">\n\t\t\t\t\t\t\t\t\t\t\t\t\t\t<span>\n\t\t\t\t\t\t\t\tDetalles y accesorios\t\t\t\t\t\t\t<\/span>\n\t\t\t\t\t\t<\/div>\n\t\t\t\t\t\t<span class=\"wd-accordion-opener wd-opener-style-arrow\"><\/span>\n\t\t\t\t\t<\/div>\n\n\t\t\t\t\t<div class=\"wd-accordion-content reset-last-child\" data-accordion-index=\"1\">\n\t\t\t\t\t\t\t\t\t\t\t\t\t\n\t\t\t\t\t\t\t<ul><li>Es importante distinguir entre los detalles visibles, como los botones, la corbata y los zapatos, y los detalles que no son visibles a primera vista, como el forro y los ribetes.<\/li><li>Los accesorios como corbatas y pa\u00f1uelos de bolsillo pueden a\u00f1adir inter\u00e9s y personalidad a un traje, pero deben elegirse cuidadosamente para complementar el color y el estampado del traje.<\/li><li>Especialmente para su primer traje, que debe servir para diferentes ocasiones, es aconsejable evitar demasiados detalles especiales. Si quieres ir a por todas, apuesta por los detalles invisibles: por ejemplo, un forro de paisley o de colores locos.<\/li><li>Una buena forma de utilizar los detalles y accesorios es el principio del tono sobre tono o del contraste de colores.<\/li><li>Los colores cl\u00e1sicos para cinturones y zapatos que combinan con casi todos los trajes y camisas son el negro y el marr\u00f3n oscuro. Con trajes muy claros, el contraste con zapatos negros puede ser demasiado fuerte.<\/li><li>El co\u00f1ac tambi\u00e9n es un color popular para cinturones y zapatos. Como el co\u00f1ac aporta m\u00e1s color al conjunto que el negro y el marr\u00f3n oscuro, puede sobrecargar tu atuendo y hacerlo parecer barato.<\/li><\/ul>\n\t\t\t\t\t\t\t\t\t\t\t\t\t\t\t\t\t\t<\/div>\n\t\t\t\t<\/div>\n\t\t\t\t\t<\/div>\n\t\t\t\t\t\t<\/div>\n\t\t\t\t<\/div>\n\t\t\t\t\t<\/div>\n\t\t<\/div>\n\t\t\t\t<div class=\"elementor-column elementor-col-50 elementor-top-column elementor-element elementor-element-66df60d\" data-id=\"66df60d\" data-element_type=\"column\" data-e-type=\"column\">\n\t\t\t<div class=\"elementor-widget-wrap elementor-element-populated\">\n\t\t\t\t\t\t<div class=\"elementor-element elementor-element-284b907 elementor-widget elementor-widget-gallery\" data-id=\"284b907\" data-element_type=\"widget\" data-e-type=\"widget\" data-settings=\"{&quot;gallery_layout&quot;:&quot;masonry&quot;,&quot;columns&quot;:2,&quot;lazyload&quot;:&quot;yes&quot;,&quot;columns_tablet&quot;:2,&quot;columns_mobile&quot;:1,&quot;gap&quot;:{&quot;unit&quot;:&quot;px&quot;,&quot;size&quot;:10,&quot;sizes&quot;:[]},&quot;gap_tablet&quot;:{&quot;unit&quot;:&quot;px&quot;,&quot;size&quot;:10,&quot;sizes&quot;:[]},&quot;gap_mobile&quot;:{&quot;unit&quot;:&quot;px&quot;,&quot;size&quot;:10,&quot;sizes&quot;:[]},&quot;link_to&quot;:&quot;file&quot;,&quot;overlay_background&quot;:&quot;yes&quot;,&quot;content_hover_animation&quot;:&quot;fade-in&quot;}\" data-widget_type=\"gallery.default\">\n\t\t\t\t<div class=\"elementor-widget-container\">\n\t\t\t\t\t\t\t<div class=\"elementor-gallery__container\">\n\t\t\t\t\t\t\t<a class=\"e-gallery-item elementor-gallery-item elementor-animated-content\" href=\"https:\/\/nijo-suits.com\/wp-content\/uploads\/2024\/08\/Details-Accessories.jpg\" data-elementor-open-lightbox=\"yes\" data-elementor-lightbox-slideshow=\"284b907\" data-elementor-lightbox-title=\"Details &amp; Accessories\" data-e-action-hash=\"#elementor-action%3Aaction%3Dlightbox%26settings%3DeyJpZCI6ODc5NSwidXJsIjoiaHR0cHM6XC9cL25pam8tc3VpdHMuY29tXC93cC1jb250ZW50XC91cGxvYWRzXC8yMDI0XC8wOFwvRGV0YWlscy1BY2Nlc3Nvcmllcy5qcGciLCJzbGlkZXNob3ciOiIyODRiOTA3In0%3D\">\n\t\t\t\t\t<div class=\"e-gallery-image elementor-gallery-item__image\" data-thumbnail=\"https:\/\/nijo-suits.com\/wp-content\/uploads\/2024\/08\/Details-Accessories.jpg\" data-width=\"2000\" data-height=\"1334\" aria-label=\"\" role=\"img\" ><\/div>\n\t\t\t\t\t\t\t\t\t\t\t<div class=\"elementor-gallery-item__overlay\"><\/div>\n\t\t\t\t\t\t\t\t\t\t\t\t\t\t<\/a>\n\t\t\t\t\t\t\t<a class=\"e-gallery-item elementor-gallery-item elementor-animated-content\" href=\"https:\/\/nijo-suits.com\/wp-content\/uploads\/2024\/08\/Color-combinations-scaled.jpg\" data-elementor-open-lightbox=\"yes\" data-elementor-lightbox-slideshow=\"284b907\" data-elementor-lightbox-title=\"Color combinations\" data-e-action-hash=\"#elementor-action%3Aaction%3Dlightbox%26settings%3DeyJpZCI6ODc3NiwidXJsIjoiaHR0cHM6XC9cL25pam8tc3VpdHMuY29tXC93cC1jb250ZW50XC91cGxvYWRzXC8yMDI0XC8wOFwvQ29sb3ItY29tYmluYXRpb25zLXNjYWxlZC5qcGciLCJzbGlkZXNob3ciOiIyODRiOTA3In0%3D\">\n\t\t\t\t\t<div class=\"e-gallery-image elementor-gallery-item__image\" data-thumbnail=\"https:\/\/nijo-suits.com\/wp-content\/uploads\/2024\/08\/Color-combinations-scaled.jpg\" data-width=\"1709\" data-height=\"2560\" aria-label=\"\" role=\"img\" ><\/div>\n\t\t\t\t\t\t\t\t\t\t\t<div class=\"elementor-gallery-item__overlay\"><\/div>\n\t\t\t\t\t\t\t\t\t\t\t\t\t\t<\/a>\n\t\t\t\t\t\t\t<a class=\"e-gallery-item elementor-gallery-item elementor-animated-content\" href=\"https:\/\/nijo-suits.com\/wp-content\/uploads\/2024\/08\/Color-combinations-2-scaled.jpg\" data-elementor-open-lightbox=\"yes\" data-elementor-lightbox-slideshow=\"284b907\" data-elementor-lightbox-title=\"Color combinations (2)\" data-e-action-hash=\"#elementor-action%3Aaction%3Dlightbox%26settings%3DeyJpZCI6ODc3NywidXJsIjoiaHR0cHM6XC9cL25pam8tc3VpdHMuY29tXC93cC1jb250ZW50XC91cGxvYWRzXC8yMDI0XC8wOFwvQ29sb3ItY29tYmluYXRpb25zLTItc2NhbGVkLmpwZyIsInNsaWRlc2hvdyI6IjI4NGI5MDcifQ%3D%3D\">\n\t\t\t\t\t<div class=\"e-gallery-image elementor-gallery-item__image\" data-thumbnail=\"https:\/\/nijo-suits.com\/wp-content\/uploads\/2024\/08\/Color-combinations-2-scaled.jpg\" data-width=\"1709\" data-height=\"2560\" aria-label=\"\" role=\"img\" ><\/div>\n\t\t\t\t\t\t\t\t\t\t\t<div class=\"elementor-gallery-item__overlay\"><\/div>\n\t\t\t\t\t\t\t\t\t\t\t\t\t\t<\/a>\n\t\t\t\t\t\t\t<a class=\"e-gallery-item elementor-gallery-item elementor-animated-content\" href=\"https:\/\/nijo-suits.com\/wp-content\/uploads\/2024\/08\/Details-Accessories-2.jpg\" data-elementor-open-lightbox=\"yes\" data-elementor-lightbox-slideshow=\"284b907\" data-elementor-lightbox-title=\"Details &amp; Accessories (2)\" data-e-action-hash=\"#elementor-action%3Aaction%3Dlightbox%26settings%3DeyJpZCI6ODc5NCwidXJsIjoiaHR0cHM6XC9cL25pam8tc3VpdHMuY29tXC93cC1jb250ZW50XC91cGxvYWRzXC8yMDI0XC8wOFwvRGV0YWlscy1BY2Nlc3Nvcmllcy0yLmpwZyIsInNsaWRlc2hvdyI6IjI4NGI5MDcifQ%3D%3D\">\n\t\t\t\t\t<div class=\"e-gallery-image elementor-gallery-item__image\" data-thumbnail=\"https:\/\/nijo-suits.com\/wp-content\/uploads\/2024\/08\/Details-Accessories-2.jpg\" data-width=\"2000\" data-height=\"1334\" aria-label=\"\" role=\"img\" ><\/div>\n\t\t\t\t\t\t\t\t\t\t\t<div class=\"elementor-gallery-item__overlay\"><\/div>\n\t\t\t\t\t\t\t\t\t\t\t\t\t\t<\/a>\n\t\t\t\t\t<\/div>\n\t\t\t\t\t<\/div>\n\t\t\t\t<\/div>\n\t\t\t\t\t<\/div>\n\t\t<\/div>\n\t\t\t\t\t<\/div>\n\t\t<\/section>\n\t\t\t\t<\/div>","protected":false},"excerpt":{"rendered":"<p>A 10 Golden Rules The most important thing is that you feel comfortable in your suit. Make sure that the<\/p>","protected":false},"author":2,"featured_media":0,"parent":0,"menu_order":0,"comment_status":"closed","ping_status":"closed","template":"","meta":{"content-type":"","footnotes":""},"class_list":["post-8738","page","type-page","status-publish","hentry"],"_links":{"self":[{"href":"https:\/\/nijo-suits.com\/es\/wp-json\/wp\/v2\/pages\/8738","targetHints":{"allow":["GET"]}}],"collection":[{"href":"https:\/\/nijo-suits.com\/es\/wp-json\/wp\/v2\/pages"}],"about":[{"href":"https:\/\/nijo-suits.com\/es\/wp-json\/wp\/v2\/types\/page"}],"author":[{"embeddable":true,"href":"https:\/\/nijo-suits.com\/es\/wp-json\/wp\/v2\/users\/2"}],"replies":[{"embeddable":true,"href":"https:\/\/nijo-suits.com\/es\/wp-json\/wp\/v2\/comments?post=8738"}],"version-history":[{"count":112,"href":"https:\/\/nijo-suits.com\/es\/wp-json\/wp\/v2\/pages\/8738\/revisions"}],"predecessor-version":[{"id":10749,"href":"https:\/\/nijo-suits.com\/es\/wp-json\/wp\/v2\/pages\/8738\/revisions\/10749"}],"wp:attachment":[{"href":"https:\/\/nijo-suits.com\/es\/wp-json\/wp\/v2\/media?parent=8738"}],"curies":[{"name":"wp","href":"https:\/\/api.w.org\/{rel}","templated":true}]}}