{"id":8738,"date":"2024-08-30T06:33:29","date_gmt":"2024-08-30T06:33:29","guid":{"rendered":"https:\/\/nijo-suits.com\/?page_id=8738"},"modified":"2025-09-03T07:47:30","modified_gmt":"2025-09-03T07:47:30","slug":"styling-guide","status":"publish","type":"page","link":"https:\/\/nijo-suits.com\/de\/styling-guide\/","title":{"rendered":"Styling-Leitfaden"},"content":{"rendered":"<div data-elementor-type=\"wp-page\" data-elementor-id=\"8738\" class=\"elementor elementor-8738\" data-elementor-post-type=\"page\">\n\t\t\t\t\t\t<section class=\"elementor-section elementor-top-section elementor-element elementor-element-1c9344a2 elementor-section-content-middle elementor-section-boxed elementor-section-height-default elementor-section-height-default wd-section-disabled\" data-id=\"1c9344a2\" data-element_type=\"section\" data-e-type=\"section\">\n\t\t\t\t\t\t<div class=\"elementor-container elementor-column-gap-default\">\n\t\t\t\t\t<div class=\"elementor-column elementor-col-50 elementor-top-column elementor-element elementor-element-41bec3dc\" data-id=\"41bec3dc\" data-element_type=\"column\" data-e-type=\"column\">\n\t\t\t<div class=\"elementor-widget-wrap elementor-element-populated\">\n\t\t\t\t\t\t<div class=\"elementor-element elementor-element-8dd885f elementor-widget elementor-widget-heading\" data-id=\"8dd885f\" data-element_type=\"widget\" data-e-type=\"widget\" data-widget_type=\"heading.default\">\n\t\t\t\t<div class=\"elementor-widget-container\">\n\t\t\t\t\t<h2 class=\"elementor-heading-title elementor-size-default\">A 10 Goldene Regeln<\/h2>\t\t\t\t<\/div>\n\t\t\t\t<\/div>\n\t\t\t\t<div class=\"elementor-element elementor-element-8da6f66 color-scheme-inherit text-left elementor-widget elementor-widget-text-editor\" data-id=\"8da6f66\" data-element_type=\"widget\" data-e-type=\"widget\" data-widget_type=\"text-editor.default\">\n\t\t\t\t<div class=\"elementor-widget-container\">\n\t\t\t\t\t\t\t\t\t<ol>\n \t<li>Das Wichtigste ist, dass Sie sich in Ihrem Anzug wohlf\u00fchlen. Achten Sie darauf, dass der Anzug und das Hemd Ihre Pers\u00f6nlichkeit unterstreichen - nicht umgekehrt. Weniger ist oft mehr.<\/li>\n \t<li>Investieren Sie in Qualit\u00e4t. Ein gut gemachter Anzug und ein gut gemachtes Hemd halten jahrelang und sehen besser aus als eine billige Alternative. Es lohnt sich, in ma\u00dfgeschneiderte Qualit\u00e4tsprodukte zu investieren, die gut passen und Ihnen ein gutes Gef\u00fchl geben.<\/li>\n \t<li>Die Passform ist entscheidend. Achten Sie darauf, dass Ihr Anzug und Ihr Hemd richtig sitzen. Nehmen Sie sich also Zeit und lassen Sie sich bei den Messungen von einer zweiten Person unterst\u00fctzen.<\/li>\n \t<li>Kleiden Sie sich dem Anlass entsprechend. Unterschiedliche Anl\u00e4sse erfordern ein unterschiedliches Ma\u00df an F\u00f6rmlichkeit. Und kennen Sie Ihren Platz: Als Gast auf der Hochzeit sollten Sie zum Beispiel den Br\u00e4utigam nicht in den Schatten stellen, was das Outfit angeht.<\/li>\n \t<li>Achten Sie auf die Accessoires: Krawatten, Manschettenkn\u00f6pfe, Einsteckt\u00fccher und G\u00fcrtel k\u00f6nnen Ihr Outfit aufpeppen, aber \u00fcbertreiben Sie es nicht. W\u00e4hlen Sie ein oder zwei Accessoires, die Ihren Anzug und Ihr Hemd erg\u00e4nzen, anstatt sie zu erdr\u00fccken.<\/li>\n \t<li>Tragen Sie die richtigen Schuhe. Anzugschuhe in Schwarz oder Braun sind f\u00fcr jede Anzug-Hemd-Kombination unerl\u00e4sslich. Achten Sie darauf, dass sie sauber und poliert sind und zu Ihrem G\u00fcrtel passen.<\/li>\n \t<li>Achten Sie auf die Details. Stellen Sie sicher, dass Ihr Anzug und Ihr Hemd richtig geb\u00fcgelt und faltenfrei sind. Achten Sie darauf, dass Ihre Krawatte gerade sitzt und Ihre Schuhe poliert sind.<\/li>\n \t<li>Achten Sie auf Ihr \u00c4u\u00dferes. Eine gute Frisur und ein frisch gestylter Bart runden Ihr Outfit ab.<\/li>\n \t<li>Der klassische Anzug ist ein einreihiger Anzug mit zwei Kn\u00f6pfen, zwei Schlitzen und passendem Futter und Kn\u00f6pfen. Das klassische Hemd Das klassische Hemd ist lang\u00e4rmelig, hat einen Kent-Kragen und keine Brusttasche. Damit machen Sie sicher nichts falsch.<\/li>\n \t<li>Klassische Farben: Schwarz, Marineblau und Grau sind zeitlose Anzugfarben, die nie aus der Mode kommen. Wei\u00df, Hellblau und Rosa sind klassische Hemdfarben, die gut zu diesen Anz\u00fcgen passen. Klassischerweise ist das Hemd heller als der Anzug. Die Accessoires wie die Krawatte oder Fliege sind dunkler als das Hemd.<\/li>\n<\/ul>\t\t\t\t\t\t\t\t<\/div>\n\t\t\t\t<\/div>\n\t\t\t\t\t<\/div>\n\t\t<\/div>\n\t\t\t\t<div class=\"elementor-column elementor-col-50 elementor-top-column elementor-element elementor-element-a4e7846\" data-id=\"a4e7846\" data-element_type=\"column\" data-e-type=\"column\">\n\t\t\t<div class=\"elementor-widget-wrap elementor-element-populated\">\n\t\t\t\t\t\t<div class=\"elementor-element elementor-element-07722d0 elementor-widget elementor-widget-image\" data-id=\"07722d0\" data-element_type=\"widget\" data-e-type=\"widget\" data-widget_type=\"image.default\">\n\t\t\t\t<div class=\"elementor-widget-container\">\n\t\t\t\t\t\t\t\t\t\t\t\t\t\t\t<img fetchpriority=\"high\" decoding=\"async\" width=\"2000\" height=\"2146\" src=\"https:\/\/nijo-suits.com\/wp-content\/uploads\/2024\/08\/A-10-Golden-Rules.jpg\" class=\"attachment-full size-full wp-image-8744\" alt=\"\" srcset=\"https:\/\/nijo-suits.com\/wp-content\/uploads\/2024\/08\/A-10-Golden-Rules.jpg 2000w, https:\/\/nijo-suits.com\/wp-content\/uploads\/2024\/08\/A-10-Golden-Rules-430x461.jpg 430w, https:\/\/nijo-suits.com\/wp-content\/uploads\/2024\/08\/A-10-Golden-Rules-150x161.jpg 150w, https:\/\/nijo-suits.com\/wp-content\/uploads\/2024\/08\/A-10-Golden-Rules-700x751.jpg 700w, https:\/\/nijo-suits.com\/wp-content\/uploads\/2024\/08\/A-10-Golden-Rules-280x300.jpg 280w, https:\/\/nijo-suits.com\/wp-content\/uploads\/2024\/08\/A-10-Golden-Rules-746x800.jpg 746w, https:\/\/nijo-suits.com\/wp-content\/uploads\/2024\/08\/A-10-Golden-Rules-768x824.jpg 768w, https:\/\/nijo-suits.com\/wp-content\/uploads\/2024\/08\/A-10-Golden-Rules-1432x1536.jpg 1432w, https:\/\/nijo-suits.com\/wp-content\/uploads\/2024\/08\/A-10-Golden-Rules-1909x2048.jpg 1909w, https:\/\/nijo-suits.com\/wp-content\/uploads\/2024\/08\/A-10-Golden-Rules-200x215.jpg 200w, https:\/\/nijo-suits.com\/wp-content\/uploads\/2024\/08\/A-10-Golden-Rules-860x923.jpg 860w\" sizes=\"(max-width: 2000px) 100vw, 2000px\" \/>\t\t\t\t\t\t\t\t\t\t\t\t\t\t\t<\/div>\n\t\t\t\t<\/div>\n\t\t\t\t<div class=\"elementor-element elementor-element-abb0f44 elementor-widget elementor-widget-image\" data-id=\"abb0f44\" data-element_type=\"widget\" data-e-type=\"widget\" data-widget_type=\"image.default\">\n\t\t\t\t<div class=\"elementor-widget-container\">\n\t\t\t\t\t\t\t\t\t\t\t\t\t\t\t<img decoding=\"async\" width=\"2000\" height=\"1650\" src=\"https:\/\/nijo-suits.com\/wp-content\/uploads\/2024\/08\/A-10-Golden-Rules-2.jpg\" class=\"attachment-full size-full wp-image-8745\" alt=\"\" srcset=\"https:\/\/nijo-suits.com\/wp-content\/uploads\/2024\/08\/A-10-Golden-Rules-2.jpg 2000w, https:\/\/nijo-suits.com\/wp-content\/uploads\/2024\/08\/A-10-Golden-Rules-2-430x355.jpg 430w, https:\/\/nijo-suits.com\/wp-content\/uploads\/2024\/08\/A-10-Golden-Rules-2-150x124.jpg 150w, https:\/\/nijo-suits.com\/wp-content\/uploads\/2024\/08\/A-10-Golden-Rules-2-700x578.jpg 700w, https:\/\/nijo-suits.com\/wp-content\/uploads\/2024\/08\/A-10-Golden-Rules-2-364x300.jpg 364w, https:\/\/nijo-suits.com\/wp-content\/uploads\/2024\/08\/A-10-Golden-Rules-2-970x800.jpg 970w, https:\/\/nijo-suits.com\/wp-content\/uploads\/2024\/08\/A-10-Golden-Rules-2-768x634.jpg 768w, https:\/\/nijo-suits.com\/wp-content\/uploads\/2024\/08\/A-10-Golden-Rules-2-1536x1267.jpg 1536w, https:\/\/nijo-suits.com\/wp-content\/uploads\/2024\/08\/A-10-Golden-Rules-2-200x165.jpg 200w, https:\/\/nijo-suits.com\/wp-content\/uploads\/2024\/08\/A-10-Golden-Rules-2-860x710.jpg 860w\" sizes=\"(max-width: 2000px) 100vw, 2000px\" \/>\t\t\t\t\t\t\t\t\t\t\t\t\t\t\t<\/div>\n\t\t\t\t<\/div>\n\t\t\t\t\t<\/div>\n\t\t<\/div>\n\t\t\t\t\t<\/div>\n\t\t<\/section>\n\t\t\t\t<section class=\"elementor-section elementor-top-section elementor-element elementor-element-149a4a0 elementor-section-content-middle elementor-section-boxed elementor-section-height-default elementor-section-height-default wd-section-disabled\" data-id=\"149a4a0\" data-element_type=\"section\" data-e-type=\"section\">\n\t\t\t\t\t\t<div class=\"elementor-container elementor-column-gap-default\">\n\t\t\t\t\t<div class=\"elementor-column elementor-col-50 elementor-top-column elementor-element elementor-element-1050570\" data-id=\"1050570\" data-element_type=\"column\" data-e-type=\"column\">\n\t\t\t<div class=\"elementor-widget-wrap elementor-element-populated\">\n\t\t\t\t\t\t<div class=\"elementor-element elementor-element-9db3e9d elementor-widget elementor-widget-image\" data-id=\"9db3e9d\" data-element_type=\"widget\" data-e-type=\"widget\" data-widget_type=\"image.default\">\n\t\t\t\t<div class=\"elementor-widget-container\">\n\t\t\t\t\t\t\t\t\t\t\t\t\t\t\t<img decoding=\"async\" width=\"1709\" height=\"2560\" src=\"https:\/\/nijo-suits.com\/wp-content\/uploads\/2024\/08\/Body-types-2-scaled.jpg\" class=\"attachment-full size-full wp-image-8764\" alt=\"\" srcset=\"https:\/\/nijo-suits.com\/wp-content\/uploads\/2024\/08\/Body-types-2-scaled.jpg 1709w, https:\/\/nijo-suits.com\/wp-content\/uploads\/2024\/08\/Body-types-2-scaled-430x644.jpg 430w, https:\/\/nijo-suits.com\/wp-content\/uploads\/2024\/08\/Body-types-2-scaled-150x225.jpg 150w, https:\/\/nijo-suits.com\/wp-content\/uploads\/2024\/08\/Body-types-2-scaled-700x1049.jpg 700w\" sizes=\"(max-width: 1709px) 100vw, 1709px\" \/>\t\t\t\t\t\t\t\t\t\t\t\t\t\t\t<\/div>\n\t\t\t\t<\/div>\n\t\t\t\t\t<\/div>\n\t\t<\/div>\n\t\t\t\t<div class=\"elementor-column elementor-col-50 elementor-top-column elementor-element elementor-element-40aeb78\" data-id=\"40aeb78\" data-element_type=\"column\" data-e-type=\"column\">\n\t\t\t<div class=\"elementor-widget-wrap elementor-element-populated\">\n\t\t\t\t\t\t<div class=\"elementor-element elementor-element-858f30a elementor-widget elementor-widget-wd_accordion\" data-id=\"858f30a\" data-element_type=\"widget\" data-e-type=\"widget\" data-widget_type=\"wd_accordion.default\">\n\t\t\t\t<div class=\"elementor-widget-container\">\n\t\t\t\t\t\n\t\t<div class=\"wd-accordion wd-style-simple\" data-state=\"first\">\n\t\t\t\t\t\t\t\n\t\t\t\t<div class=\"wd-accordion-item\">\n\t\t\t\t\t<div class=\"wd-accordion-title wd-active text-left wd-opener-pos-left\" data-accordion-index=\"0\">\n\t\t\t\t\t\t<div class=\"wd-accordion-title-text\">\n\t\t\t\t\t\t\t\t\t\t\t\t\t\t<span>\n\t\t\t\t\t\t\t\tK\u00f6rpertypen\t\t\t\t\t\t\t<\/span>\n\t\t\t\t\t\t<\/div>\n\t\t\t\t\t\t<span class=\"wd-accordion-opener wd-opener-style-arrow\"><\/span>\n\t\t\t\t\t<\/div>\n\n\t\t\t\t\t<div class=\"wd-accordion-content reset-last-child wd-active\" data-accordion-index=\"0\">\n\t\t\t\t\t\t\t\t\t\t\t\t\t\n\t\t\t\t\t\t\t<p>Die K\u00f6rperform der meisten M\u00e4nner steht fest, wenn sie ihren ersten Anzug kaufen, nur Brust und Taille k\u00f6nnen sich im Laufe der Zeit ver\u00e4ndern. Die K\u00f6rpergr\u00f6\u00dfe, die Schulterbreite und die L\u00e4nge der Gliedma\u00dfen bleiben jedoch konstant. Angesichts dieser festen Merkmale ist es f\u00fcr einen Mann von Vorteil zu wissen, wie das Design eines Anzugs diese betonen oder abschw\u00e4chen kann.<\/p><p>Ob gro\u00df oder klein, breit oder schmal oder von durchschnittlicher Statur, es gibt mehrere Faktoren, die ein Mann beim Kauf eines Anzugs ber\u00fccksichtigen sollte. Schmale M\u00e4nner sollten sich an der Taktik des gro\u00dfen Mannes orientieren, und gro\u00dfe M\u00e4nner an der des kleinen. Es ist wichtig zu beachten, dass die folgenden Empfehlungen keine strengen Regeln darstellen. Als kleiner Mann k\u00f6nnen Sie sich nat\u00fcrlich in jedem beliebigen Stil kleiden. Wenn Sie gr\u00f6\u00dfer erscheinen m\u00f6chten, k\u00f6nnen Sie einiges daf\u00fcr tun, aber letztlich m\u00fcssen Sie selbst entscheiden, ob das eine Priorit\u00e4t ist.<\/p>\n\t\t\t\t\t\t\t\t\t\t\t\t\t\t\t\t\t\t<\/div>\n\t\t\t\t<\/div>\n\t\t\t\t\t\t\t\n\t\t\t\t<div class=\"wd-accordion-item\">\n\t\t\t\t\t<div class=\"wd-accordion-title text-left wd-opener-pos-left\" data-accordion-index=\"1\">\n\t\t\t\t\t\t<div class=\"wd-accordion-title-text\">\n\t\t\t\t\t\t\t\t\t\t\t\t\t\t<span>\n\t\t\t\t\t\t\t\tKleine und\/oder gro\u00dfe Statur\t\t\t\t\t\t\t<\/span>\n\t\t\t\t\t\t<\/div>\n\t\t\t\t\t\t<span class=\"wd-accordion-opener wd-opener-style-arrow\"><\/span>\n\t\t\t\t\t<\/div>\n\n\t\t\t\t\t<div class=\"wd-accordion-content reset-last-child\" data-accordion-index=\"1\">\n\t\t\t\t\t\t\t\t\t\t\t\t\t\n\t\t\t\t\t\t\t<ul><li>Vermeiden Sie \u00fcberfl\u00fcssigen Stoff, denn er macht dick und unterstreicht eine kleinere Statur.<\/li><li>Entscheiden Sie sich f\u00fcr eine eng anliegende Passform, um zu vermeiden, dass die Jacke die Arme, die Taille oder die H\u00fcften ausf\u00fcllt.<\/li><li>Der Rock der Jacke sollte relativ kurz sein, um die Beine zu verl\u00e4ngern, aber nicht so kurz wie die modischen \"Bum Freezer\"-Jacken.<\/li><li>Die Taille der Hose sollte idealerweise hoch und in der nat\u00fcrlichen Taille eines Mannes liegen, damit die Beine l\u00e4nger wirken.<\/li><li>Alles, was den Anzug weniger sperrig macht oder ihm den Eindruck von Weite nimmt, ist vorteilhaft. Vermeiden Sie also Fahrkarten-Taschen, gro\u00dfe Taschenklappen und aufgesetzte Taschen.<\/li><li>Vermeiden Sie helle T\u00f6ne, leuchtende Farben und gro\u00dfe Muster, aber ein feiner Nadelstreifen kann verl\u00e4ngernd wirken.<\/li><li>Dunkle Schuhe und eine einfache Krawatte unterstreichen den Look. Vermeiden Sie den Kontrast von Sportjacken oder seltsamen Westen.<\/li><\/ul>\n\t\t\t\t\t\t\t\t\t\t\t\t\t\t\t\t\t\t<\/div>\n\t\t\t\t<\/div>\n\t\t\t\t\t\t\t\n\t\t\t\t<div class=\"wd-accordion-item\">\n\t\t\t\t\t<div class=\"wd-accordion-title text-left wd-opener-pos-left\" data-accordion-index=\"2\">\n\t\t\t\t\t\t<div class=\"wd-accordion-title-text\">\n\t\t\t\t\t\t\t\t\t\t\t\t\t\t<span>\n\t\t\t\t\t\t\t\tGro\u00dfe und\/oder schmale Statur\t\t\t\t\t\t\t<\/span>\n\t\t\t\t\t\t<\/div>\n\t\t\t\t\t\t<span class=\"wd-accordion-opener wd-opener-style-arrow\"><\/span>\n\t\t\t\t\t<\/div>\n\n\t\t\t\t\t<div class=\"wd-accordion-content reset-last-child\" data-accordion-index=\"2\">\n\t\t\t\t\t\t\t\t\t\t\t\t\t\n\t\t\t\t\t\t\t<ul><li>Vermeiden Sie eine zu enge Passform und lassen Sie etwas Platz - vor allem f\u00fcr Ihre Wadenweite. Dies sorgt f\u00fcr ein ausgewogeneres Erscheinungsbild bei einer gro\u00dfen Statur.<\/li><li>F\u00fcr einen gro\u00dfen Mann ist es am besten, den Look mit Eingrifftaschen, aufgesetzten Taschen und breiten Karos zu unterbrechen.<\/li><li>W\u00e4hlen Sie den italienischen Stil und lassen Sie die \u00c4rmel etwas k\u00fcrzer, um die Linien aufzulockern.<\/li><li>Tragen Sie einen G\u00fcrtel und eine Uhr, entscheiden Sie sich f\u00fcr Hosenmanschetten und strukturierte Schuhe wie Brogues.<\/li><li>Wenn Sie unbedingt Streifen tragen m\u00fcssen, w\u00e4hlen Sie feine und schmale Streifen auf Ihrem Anzug, auch wenn das alte Sprichwort, dass vertikale Streifen die H\u00f6he erh\u00f6hen, bekannt ist.<\/li><li>W\u00e4hlen Sie Zweiknopf-Sakkos, da diese besser geeignet sind. Vermeiden Sie Sakkos mit drei Kn\u00f6pfen, da sie die Aufmerksamkeit auf Ihre K\u00f6rpergr\u00f6\u00dfe lenken.<\/li><\/ul>\n\t\t\t\t\t\t\t\t\t\t\t\t\t\t\t\t\t\t<\/div>\n\t\t\t\t<\/div>\n\t\t\t\t\t<\/div>\n\t\t\t\t\t\t<\/div>\n\t\t\t\t<\/div>\n\t\t\t\t\t<\/div>\n\t\t<\/div>\n\t\t\t\t\t<\/div>\n\t\t<\/section>\n\t\t\t\t<section class=\"elementor-section elementor-top-section elementor-element elementor-element-afdd30a elementor-section-content-middle elementor-section-boxed elementor-section-height-default elementor-section-height-default wd-section-disabled\" data-id=\"afdd30a\" data-element_type=\"section\" data-e-type=\"section\">\n\t\t\t\t\t\t<div class=\"elementor-container elementor-column-gap-default\">\n\t\t\t\t\t<div class=\"elementor-column elementor-col-50 elementor-top-column elementor-element elementor-element-35774e6\" data-id=\"35774e6\" data-element_type=\"column\" data-e-type=\"column\">\n\t\t\t<div class=\"elementor-widget-wrap elementor-element-populated\">\n\t\t\t\t\t\t<div class=\"elementor-element elementor-element-a003f8c elementor-widget elementor-widget-wd_accordion\" data-id=\"a003f8c\" data-element_type=\"widget\" data-e-type=\"widget\" data-widget_type=\"wd_accordion.default\">\n\t\t\t\t<div class=\"elementor-widget-container\">\n\t\t\t\t\t\n\t\t<div class=\"wd-accordion wd-style-simple\" data-state=\"first\">\n\t\t\t\t\t\t\t\n\t\t\t\t<div class=\"wd-accordion-item\">\n\t\t\t\t\t<div class=\"wd-accordion-title wd-active text-left wd-opener-pos-left\" data-accordion-index=\"0\">\n\t\t\t\t\t\t<div class=\"wd-accordion-title-text\">\n\t\t\t\t\t\t\t\t\t\t\t\t\t\t<span>\n\t\t\t\t\t\t\t\tFarbkombinationen\t\t\t\t\t\t\t<\/span>\n\t\t\t\t\t\t<\/div>\n\t\t\t\t\t\t<span class=\"wd-accordion-opener wd-opener-style-arrow\"><\/span>\n\t\t\t\t\t<\/div>\n\n\t\t\t\t\t<div class=\"wd-accordion-content reset-last-child wd-active\" data-accordion-index=\"0\">\n\t\t\t\t\t\t\t\t\t\t\t\t\t\n\t\t\t\t\t\t\t<ul><li>Beginnen Sie mit einem unifarbenen marineblauen oder mittelgrauen Anzug, da diese vielseitig sind und zu den meisten Anl\u00e4ssen passen.<\/li><li>Anthrazitgrau und Dunkelbraun sind ebenfalls vielseitige Optionen, die sich f\u00fcr formellere Anl\u00e4sse eignen.<\/li><li>F\u00fcr den Sommer und weniger formelle Anl\u00e4sse eignen sich hellere Anz\u00fcge in Beige- oder Braunt\u00f6nen.<\/li><li>Der absolute Spitzenreiter unter den Hemden ist Wei\u00df - gefolgt von Hellblau und Rosa. Sie passen zu fast jedem Anzug.<\/li><li>Die Muster sollten je nach pers\u00f6nlicher Vorliebe und der Formalit\u00e4t des Anlasses gew\u00e4hlt werden. Konservative Muster wie Nadelstreifen und Fischgr\u00e4tenmuster sind f\u00fcr formellere Anl\u00e4sse geeignet, w\u00e4hrend gewagte Muster wie Karos oder Fensterscheiben eher f\u00fcr legere Anl\u00e4sse geeignet sind.<\/li><li>Ber\u00fccksichtigen Sie den Ma\u00dfstab des Musters im Verh\u00e4ltnis zu Ihrer K\u00f6rpergr\u00f6\u00dfe. Gr\u00f6\u00dfere Muster sind eher f\u00fcr gr\u00f6\u00dfere M\u00e4nner geeignet, w\u00e4hrend kleinere Muster eher f\u00fcr kleinere M\u00e4nner geeignet sind.<\/li><li>Besonders bei Ihrem ersten Anzug gilt: Weniger ist oft mehr. Wenn Sie sich f\u00fcr einen gemusterten oder gestreiften Anzug entscheiden, empfiehlt sich ein einfarbiges Hemd. Vermeiden Sie auch zu viele Farben. Wenn Ihr Anzug 2 oder mehr Farben hat, ist ein wei\u00dfes Hemd oder ein Hemd in einer Farbe, die auch im Stoff des Anzugs vorkommt, die beste Wahl. Denken Sie daran, dass Ihr G\u00fcrtel, Ihre Schuhe und Ihre Accessoires Ihrem Outfit mindestens eine weitere Farbe hinzuf\u00fcgen werden.<\/li><\/ul>\n\t\t\t\t\t\t\t\t\t\t\t\t\t\t\t\t\t\t<\/div>\n\t\t\t\t<\/div>\n\t\t\t\t\t\t\t\n\t\t\t\t<div class=\"wd-accordion-item\">\n\t\t\t\t\t<div class=\"wd-accordion-title text-left wd-opener-pos-left\" data-accordion-index=\"1\">\n\t\t\t\t\t\t<div class=\"wd-accordion-title-text\">\n\t\t\t\t\t\t\t\t\t\t\t\t\t\t<span>\n\t\t\t\t\t\t\t\tDetails &amp; Zubeh\u00f6r\t\t\t\t\t\t\t<\/span>\n\t\t\t\t\t\t<\/div>\n\t\t\t\t\t\t<span class=\"wd-accordion-opener wd-opener-style-arrow\"><\/span>\n\t\t\t\t\t<\/div>\n\n\t\t\t\t\t<div class=\"wd-accordion-content reset-last-child\" data-accordion-index=\"1\">\n\t\t\t\t\t\t\t\t\t\t\t\t\t\n\t\t\t\t\t\t\t<ul><li>Es ist wichtig, zwischen sichtbaren Details wie Kn\u00f6pfen, Krawatte und Schuhen und auf den ersten Blick nicht sichtbaren Details wie Futter und Paspeln zu unterscheiden.<\/li><li>Accessoires wie Krawatten und Einsteckt\u00fccher k\u00f6nnen einem Anzug Interesse und Pers\u00f6nlichkeit verleihen, sollten aber sorgf\u00e4ltig ausgew\u00e4hlt werden, um Farbe und Muster des Anzugs zu erg\u00e4nzen.<\/li><li>Vor allem bei Ihrem ersten Anzug, der zu verschiedenen Anl\u00e4ssen passen soll, ist es ratsam, zu viele besondere Details zu vermeiden. Wenn Sie aufs Ganze gehen wollen, w\u00e4hlen Sie die unsichtbaren Details: zum Beispiel ein Paisley oder ein Futter in verr\u00fcckten Farben.<\/li><li>Eine gute M\u00f6glichkeit, Details und Accessoires einzusetzen, ist das Ton-in-Ton-Prinzip oder das Prinzip der Kontrastfarbe.<\/li><li>Die klassischen Farben f\u00fcr G\u00fcrtel und Schuhe, die zu fast allen Anz\u00fcgen und Hemden passen, sind Schwarz und Dunkelbraun. Bei sehr hellen Anz\u00fcgen kann der Kontrast zu schwarzen Schuhen zu stark sein.<\/li><li>Cognac ist auch eine beliebte Farbe f\u00fcr G\u00fcrtel und Schuhe. Da Cognac mehr Farbe in das Outfit bringt als Schwarz und Dunkelbraun, kann es Ihr Outfit \u00fcberladen und billig wirken lassen.<\/li><\/ul>\n\t\t\t\t\t\t\t\t\t\t\t\t\t\t\t\t\t\t<\/div>\n\t\t\t\t<\/div>\n\t\t\t\t\t<\/div>\n\t\t\t\t\t\t<\/div>\n\t\t\t\t<\/div>\n\t\t\t\t\t<\/div>\n\t\t<\/div>\n\t\t\t\t<div class=\"elementor-column elementor-col-50 elementor-top-column elementor-element elementor-element-66df60d\" data-id=\"66df60d\" data-element_type=\"column\" data-e-type=\"column\">\n\t\t\t<div class=\"elementor-widget-wrap elementor-element-populated\">\n\t\t\t\t\t\t<div class=\"elementor-element elementor-element-284b907 elementor-widget elementor-widget-gallery\" data-id=\"284b907\" data-element_type=\"widget\" data-e-type=\"widget\" data-settings=\"{&quot;gallery_layout&quot;:&quot;masonry&quot;,&quot;columns&quot;:2,&quot;lazyload&quot;:&quot;yes&quot;,&quot;columns_tablet&quot;:2,&quot;columns_mobile&quot;:1,&quot;gap&quot;:{&quot;unit&quot;:&quot;px&quot;,&quot;size&quot;:10,&quot;sizes&quot;:[]},&quot;gap_tablet&quot;:{&quot;unit&quot;:&quot;px&quot;,&quot;size&quot;:10,&quot;sizes&quot;:[]},&quot;gap_mobile&quot;:{&quot;unit&quot;:&quot;px&quot;,&quot;size&quot;:10,&quot;sizes&quot;:[]},&quot;link_to&quot;:&quot;file&quot;,&quot;overlay_background&quot;:&quot;yes&quot;,&quot;content_hover_animation&quot;:&quot;fade-in&quot;}\" data-widget_type=\"gallery.default\">\n\t\t\t\t<div class=\"elementor-widget-container\">\n\t\t\t\t\t\t\t<div class=\"elementor-gallery__container\">\n\t\t\t\t\t\t\t<a class=\"e-gallery-item elementor-gallery-item elementor-animated-content\" href=\"https:\/\/nijo-suits.com\/wp-content\/uploads\/2024\/08\/Details-Accessories.jpg\" data-elementor-open-lightbox=\"yes\" data-elementor-lightbox-slideshow=\"284b907\" data-elementor-lightbox-title=\"Details &amp; Accessories\" data-e-action-hash=\"#elementor-action%3Aaction%3Dlightbox%26settings%3DeyJpZCI6ODc5NSwidXJsIjoiaHR0cHM6XC9cL25pam8tc3VpdHMuY29tXC93cC1jb250ZW50XC91cGxvYWRzXC8yMDI0XC8wOFwvRGV0YWlscy1BY2Nlc3Nvcmllcy5qcGciLCJzbGlkZXNob3ciOiIyODRiOTA3In0%3D\">\n\t\t\t\t\t<div class=\"e-gallery-image elementor-gallery-item__image\" data-thumbnail=\"https:\/\/nijo-suits.com\/wp-content\/uploads\/2024\/08\/Details-Accessories.jpg\" data-width=\"2000\" data-height=\"1334\" aria-label=\"\" role=\"img\" ><\/div>\n\t\t\t\t\t\t\t\t\t\t\t<div class=\"elementor-gallery-item__overlay\"><\/div>\n\t\t\t\t\t\t\t\t\t\t\t\t\t\t<\/a>\n\t\t\t\t\t\t\t<a class=\"e-gallery-item elementor-gallery-item elementor-animated-content\" href=\"https:\/\/nijo-suits.com\/wp-content\/uploads\/2024\/08\/Color-combinations-scaled.jpg\" data-elementor-open-lightbox=\"yes\" data-elementor-lightbox-slideshow=\"284b907\" data-elementor-lightbox-title=\"Color combinations\" data-e-action-hash=\"#elementor-action%3Aaction%3Dlightbox%26settings%3DeyJpZCI6ODc3NiwidXJsIjoiaHR0cHM6XC9cL25pam8tc3VpdHMuY29tXC93cC1jb250ZW50XC91cGxvYWRzXC8yMDI0XC8wOFwvQ29sb3ItY29tYmluYXRpb25zLXNjYWxlZC5qcGciLCJzbGlkZXNob3ciOiIyODRiOTA3In0%3D\">\n\t\t\t\t\t<div class=\"e-gallery-image elementor-gallery-item__image\" data-thumbnail=\"https:\/\/nijo-suits.com\/wp-content\/uploads\/2024\/08\/Color-combinations-scaled.jpg\" data-width=\"1709\" data-height=\"2560\" aria-label=\"\" role=\"img\" ><\/div>\n\t\t\t\t\t\t\t\t\t\t\t<div class=\"elementor-gallery-item__overlay\"><\/div>\n\t\t\t\t\t\t\t\t\t\t\t\t\t\t<\/a>\n\t\t\t\t\t\t\t<a class=\"e-gallery-item elementor-gallery-item elementor-animated-content\" href=\"https:\/\/nijo-suits.com\/wp-content\/uploads\/2024\/08\/Color-combinations-2-scaled.jpg\" data-elementor-open-lightbox=\"yes\" data-elementor-lightbox-slideshow=\"284b907\" data-elementor-lightbox-title=\"Color combinations (2)\" data-e-action-hash=\"#elementor-action%3Aaction%3Dlightbox%26settings%3DeyJpZCI6ODc3NywidXJsIjoiaHR0cHM6XC9cL25pam8tc3VpdHMuY29tXC93cC1jb250ZW50XC91cGxvYWRzXC8yMDI0XC8wOFwvQ29sb3ItY29tYmluYXRpb25zLTItc2NhbGVkLmpwZyIsInNsaWRlc2hvdyI6IjI4NGI5MDcifQ%3D%3D\">\n\t\t\t\t\t<div class=\"e-gallery-image elementor-gallery-item__image\" data-thumbnail=\"https:\/\/nijo-suits.com\/wp-content\/uploads\/2024\/08\/Color-combinations-2-scaled.jpg\" data-width=\"1709\" data-height=\"2560\" aria-label=\"\" role=\"img\" ><\/div>\n\t\t\t\t\t\t\t\t\t\t\t<div class=\"elementor-gallery-item__overlay\"><\/div>\n\t\t\t\t\t\t\t\t\t\t\t\t\t\t<\/a>\n\t\t\t\t\t\t\t<a class=\"e-gallery-item elementor-gallery-item elementor-animated-content\" href=\"https:\/\/nijo-suits.com\/wp-content\/uploads\/2024\/08\/Details-Accessories-2.jpg\" data-elementor-open-lightbox=\"yes\" data-elementor-lightbox-slideshow=\"284b907\" data-elementor-lightbox-title=\"Details &amp; Accessories (2)\" data-e-action-hash=\"#elementor-action%3Aaction%3Dlightbox%26settings%3DeyJpZCI6ODc5NCwidXJsIjoiaHR0cHM6XC9cL25pam8tc3VpdHMuY29tXC93cC1jb250ZW50XC91cGxvYWRzXC8yMDI0XC8wOFwvRGV0YWlscy1BY2Nlc3Nvcmllcy0yLmpwZyIsInNsaWRlc2hvdyI6IjI4NGI5MDcifQ%3D%3D\">\n\t\t\t\t\t<div class=\"e-gallery-image elementor-gallery-item__image\" data-thumbnail=\"https:\/\/nijo-suits.com\/wp-content\/uploads\/2024\/08\/Details-Accessories-2.jpg\" data-width=\"2000\" data-height=\"1334\" aria-label=\"\" role=\"img\" ><\/div>\n\t\t\t\t\t\t\t\t\t\t\t<div class=\"elementor-gallery-item__overlay\"><\/div>\n\t\t\t\t\t\t\t\t\t\t\t\t\t\t<\/a>\n\t\t\t\t\t<\/div>\n\t\t\t\t\t<\/div>\n\t\t\t\t<\/div>\n\t\t\t\t\t<\/div>\n\t\t<\/div>\n\t\t\t\t\t<\/div>\n\t\t<\/section>\n\t\t\t\t<\/div>","protected":false},"excerpt":{"rendered":"<p>A 10 Golden Rules The most important thing is that you feel comfortable in your suit. Make sure that the<\/p>","protected":false},"author":2,"featured_media":0,"parent":0,"menu_order":0,"comment_status":"closed","ping_status":"closed","template":"","meta":{"content-type":"","footnotes":""},"class_list":["post-8738","page","type-page","status-publish","hentry"],"_links":{"self":[{"href":"https:\/\/nijo-suits.com\/de\/wp-json\/wp\/v2\/pages\/8738","targetHints":{"allow":["GET"]}}],"collection":[{"href":"https:\/\/nijo-suits.com\/de\/wp-json\/wp\/v2\/pages"}],"about":[{"href":"https:\/\/nijo-suits.com\/de\/wp-json\/wp\/v2\/types\/page"}],"author":[{"embeddable":true,"href":"https:\/\/nijo-suits.com\/de\/wp-json\/wp\/v2\/users\/2"}],"replies":[{"embeddable":true,"href":"https:\/\/nijo-suits.com\/de\/wp-json\/wp\/v2\/comments?post=8738"}],"version-history":[{"count":112,"href":"https:\/\/nijo-suits.com\/de\/wp-json\/wp\/v2\/pages\/8738\/revisions"}],"predecessor-version":[{"id":10749,"href":"https:\/\/nijo-suits.com\/de\/wp-json\/wp\/v2\/pages\/8738\/revisions\/10749"}],"wp:attachment":[{"href":"https:\/\/nijo-suits.com\/de\/wp-json\/wp\/v2\/media?parent=8738"}],"curies":[{"name":"wp","href":"https:\/\/api.w.org\/{rel}","templated":true}]}}