{"id":3682,"date":"2021-09-13T11:30:54","date_gmt":"2021-09-13T11:30:54","guid":{"rendered":"http:\/\/dummy.xtemos.com\/woodmart2\/elementor\/?page_id=3682"},"modified":"2025-08-25T12:47:25","modified_gmt":"2025-08-25T12:47:25","slug":"faqs","status":"publish","type":"page","link":"https:\/\/nijo-suits.com\/de\/faqs\/","title":{"rendered":"FAQs"},"content":{"rendered":"<div data-elementor-type=\"wp-page\" data-elementor-id=\"3682\" class=\"elementor elementor-3682\" data-elementor-post-type=\"page\">\n\t\t\t\t\t\t<section class=\"elementor-section elementor-top-section elementor-element elementor-element-819b11c elementor-section-boxed elementor-section-height-default elementor-section-height-default wd-section-disabled\" data-id=\"819b11c\" data-element_type=\"section\" data-e-type=\"section\">\n\t\t\t\t\t\t<div class=\"elementor-container elementor-column-gap-default\">\n\t\t\t\t\t<div class=\"elementor-column elementor-col-50 elementor-top-column elementor-element elementor-element-25f5f860\" data-id=\"25f5f860\" data-element_type=\"column\" data-e-type=\"column\">\n\t\t\t<div class=\"elementor-widget-wrap elementor-element-populated\">\n\t\t\t\t\t\t<div class=\"elementor-element elementor-element-2c61980e elementor-widget elementor-widget-wd_title\" data-id=\"2c61980e\" data-element_type=\"widget\" data-e-type=\"widget\" data-widget_type=\"wd_title.default\">\n\t\t\t\t<div class=\"elementor-widget-container\">\n\t\t\t\t\t\t\t<div class=\"title-wrapper set-mb-s reset-last-child wd-title-color-default wd-title-style-default wd-title-size-default text-left\">\n\n\t\t\t\n\t\t\t<div class=\"liner-continer\">\n\t\t\t\t<h4 class=\"woodmart-title-container title wd-fontsize-l\">Versand und Lieferung<\/h4> \n\t\t\t\t\t\t\t<\/div>\n\n\t\t\t\t\t<\/div>\n\t\t\t\t\t\t<\/div>\n\t\t\t\t<\/div>\n\t\t\t\t<div class=\"elementor-element elementor-element-6d93c19 elementor-widget elementor-widget-wd_accordion\" data-id=\"6d93c19\" data-element_type=\"widget\" data-e-type=\"widget\" data-widget_type=\"wd_accordion.default\">\n\t\t\t\t<div class=\"elementor-widget-container\">\n\t\t\t\t\t\n\t\t<div class=\"wd-accordion wd-style-default\" data-state=\"first\">\n\t\t\t\t\t\t\t\n\t\t\t\t<div class=\"wd-accordion-item\">\n\t\t\t\t\t<div class=\"wd-accordion-title wd-active text-left wd-opener-pos-right\" data-accordion-index=\"0\">\n\t\t\t\t\t\t<div class=\"wd-accordion-title-text\">\n\t\t\t\t\t\t\t\t\t\t\t\t\t\t<span>\n\t\t\t\t\t\t\t\tWO IST MEINE BESTELLUNG?\t\t\t\t\t\t\t<\/span>\n\t\t\t\t\t\t<\/div>\n\t\t\t\t\t\t<span class=\"wd-accordion-opener wd-opener-style-arrow\"><\/span>\n\t\t\t\t\t<\/div>\n\n\t\t\t\t\t<div class=\"wd-accordion-content reset-last-child wd-active\" data-accordion-index=\"0\">\n\t\t\t\t\t\t\t\t\t\t\t\t\t\n\t\t\t\t\t\t\t<p>Den aktuellen Lieferstatus k\u00f6nnen Sie jederzeit in Ihrem Konto einsehen. Sobald Ihre Bestellung an unseren Logistikpartner \u00fcbergeben wurde, k\u00f6nnen Sie sie per Tracking-Link verfolgen.<\/p>\n\t\t\t\t\t\t\t\t\t\t\t\t\t\t\t\t\t\t<\/div>\n\t\t\t\t<\/div>\n\t\t\t\t\t\t\t\n\t\t\t\t<div class=\"wd-accordion-item\">\n\t\t\t\t\t<div class=\"wd-accordion-title text-left wd-opener-pos-right\" data-accordion-index=\"1\">\n\t\t\t\t\t\t<div class=\"wd-accordion-title-text\">\n\t\t\t\t\t\t\t\t\t\t\t\t\t\t<span>\n\t\t\t\t\t\t\t\tWIE LANGE DAUERT DIE LIEFERUNG?\t\t\t\t\t\t\t<\/span>\n\t\t\t\t\t\t<\/div>\n\t\t\t\t\t\t<span class=\"wd-accordion-opener wd-opener-style-arrow\"><\/span>\n\t\t\t\t\t<\/div>\n\n\t\t\t\t\t<div class=\"wd-accordion-content reset-last-child\" data-accordion-index=\"1\">\n\t\t\t\t\t\t\t\t\t\t\t\t\t\n\t\t\t\t\t\t\t<p>Die Lieferzeit ab Ihrer Bestellung betr\u00e4gt 2-3 Wochen. In Ihrem Konto k\u00f6nnen Sie den Status Ihrer Bestellung jederzeit \u00fcberpr\u00fcfen.<\/p>\n\t\t\t\t\t\t\t\t\t\t\t\t\t\t\t\t\t\t<\/div>\n\t\t\t\t<\/div>\n\t\t\t\t\t\t\t\n\t\t\t\t<div class=\"wd-accordion-item\">\n\t\t\t\t\t<div class=\"wd-accordion-title text-left wd-opener-pos-right\" data-accordion-index=\"2\">\n\t\t\t\t\t\t<div class=\"wd-accordion-title-text\">\n\t\t\t\t\t\t\t\t\t\t\t\t\t\t<span>\n\t\t\t\t\t\t\t\tDAS PAKET WURDE VERSCHICKT, IST ABER NICHT ANGEKOMMEN. WIE SOLL ICH VORGEHEN?\t\t\t\t\t\t\t<\/span>\n\t\t\t\t\t\t<\/div>\n\t\t\t\t\t\t<span class=\"wd-accordion-opener wd-opener-style-arrow\"><\/span>\n\t\t\t\t\t<\/div>\n\n\t\t\t\t\t<div class=\"wd-accordion-content reset-last-child\" data-accordion-index=\"2\">\n\t\t\t\t\t\t\t\t\t\t\t\t\t\n\t\t\t\t\t\t\t<p>Sollte der Versandstatus l\u00e4nger als drei Tage auf \"Versendet\" stehen, kontaktieren Sie uns bitte. (Kontaktformular verlinkt) Wir werden gerne kl\u00e4ren, wo sich Ihr Paket befindet.<\/p>\n\t\t\t\t\t\t\t\t\t\t\t\t\t\t\t\t\t\t<\/div>\n\t\t\t\t<\/div>\n\t\t\t\t\t\t\t\n\t\t\t\t<div class=\"wd-accordion-item\">\n\t\t\t\t\t<div class=\"wd-accordion-title text-left wd-opener-pos-right\" data-accordion-index=\"3\">\n\t\t\t\t\t\t<div class=\"wd-accordion-title-text\">\n\t\t\t\t\t\t\t\t\t\t\t\t\t\t<span>\n\t\t\t\t\t\t\t\tWIE LAUTEN DIE LIEFERBEDINGUNGEN?\t\t\t\t\t\t\t<\/span>\n\t\t\t\t\t\t<\/div>\n\t\t\t\t\t\t<span class=\"wd-accordion-opener wd-opener-style-arrow\"><\/span>\n\t\t\t\t\t<\/div>\n\n\t\t\t\t\t<div class=\"wd-accordion-content reset-last-child\" data-accordion-index=\"3\">\n\t\t\t\t\t\t\t\t\t\t\t\t\t\n\t\t\t\t\t\t\t<p>Der Versand ist bei NIJO weltweit kostenlos und deckt bereits alle Zoll- und Importkosten ab.<\/p>\n\t\t\t\t\t\t\t\t\t\t\t\t\t\t\t\t\t\t<\/div>\n\t\t\t\t<\/div>\n\t\t\t\t\t\t\t\n\t\t\t\t<div class=\"wd-accordion-item\">\n\t\t\t\t\t<div class=\"wd-accordion-title text-left wd-opener-pos-right\" data-accordion-index=\"4\">\n\t\t\t\t\t\t<div class=\"wd-accordion-title-text\">\n\t\t\t\t\t\t\t\t\t\t\t\t\t\t<span>\n\t\t\t\t\t\t\t\tIN WELCHE L\u00c4NDER LIEFERN SIE?\t\t\t\t\t\t\t<\/span>\n\t\t\t\t\t\t<\/div>\n\t\t\t\t\t\t<span class=\"wd-accordion-opener wd-opener-style-arrow\"><\/span>\n\t\t\t\t\t<\/div>\n\n\t\t\t\t\t<div class=\"wd-accordion-content reset-last-child\" data-accordion-index=\"4\">\n\t\t\t\t\t\t\t\t\t\t\t\t\t\n\t\t\t\t\t\t\t<p>Wir liefern weltweit, au\u00dfer nach China.<\/p>\n\t\t\t\t\t\t\t\t\t\t\t\t\t\t\t\t\t\t<\/div>\n\t\t\t\t<\/div>\n\t\t\t\t\t\t\t\n\t\t\t\t<div class=\"wd-accordion-item\">\n\t\t\t\t\t<div class=\"wd-accordion-title text-left wd-opener-pos-right\" data-accordion-index=\"5\">\n\t\t\t\t\t\t<div class=\"wd-accordion-title-text\">\n\t\t\t\t\t\t\t\t\t\t\t\t\t\t<span>\n\t\t\t\t\t\t\t\tWERDEN MIR F\u00dcR DEN VERSAND IN MEIN LAND ZOLLGEB\u00dcHREN BERECHNET?\t\t\t\t\t\t\t<\/span>\n\t\t\t\t\t\t<\/div>\n\t\t\t\t\t\t<span class=\"wd-accordion-opener wd-opener-style-arrow\"><\/span>\n\t\t\t\t\t<\/div>\n\n\t\t\t\t\t<div class=\"wd-accordion-content reset-last-child\" data-accordion-index=\"5\">\n\t\t\t\t\t\t\t\t\t\t\t\t\t\n\t\t\t\t\t\t\t<div class=\"ewa-rteLine\">Der Service unseres Logistikpartners Dragon Courier deckt bereits alle Zoll- und Einfuhrkosten ab. Es kann jedoch vorkommen, dass Ihnen f\u00e4lschlicherweise eine zus\u00e4tzliche Rechnung, zum Beispiel f\u00fcr Einfuhrgeb\u00fchren, in Rechnung gestellt wird. In diesem Fall raten wir Ihnen, sich mit der Rechnungsstelle in Verbindung zu setzen und die Situation zu kl\u00e4ren. Wenn Sie nicht weiterkommen, k\u00f6nnen Sie uns \u00fcber unser Kontaktformular kontaktieren.<\/div><div class=\"ewa-rteLine\">\u00a0<\/div><div class=\"ewa-rteLine\">Weitere Informationen finden Sie in unseren Allgemeinen Gesch\u00e4ftsbedingungen unter Lieferbedingungen.<\/div>\n\t\t\t\t\t\t\t\t\t\t\t\t\t\t\t\t\t\t<\/div>\n\t\t\t\t<\/div>\n\t\t\t\t\t\t\t\n\t\t\t\t<div class=\"wd-accordion-item\">\n\t\t\t\t\t<div class=\"wd-accordion-title text-left wd-opener-pos-right\" data-accordion-index=\"6\">\n\t\t\t\t\t\t<div class=\"wd-accordion-title-text\">\n\t\t\t\t\t\t\t\t\t\t\t\t\t\t<span>\n\t\t\t\t\t\t\t\tWERDEN MIR F\u00dcR DEN VERSAND IN MEIN LAND ZOLLGEB\u00dcHREN BERECHNET?\t\t\t\t\t\t\t<\/span>\n\t\t\t\t\t\t<\/div>\n\t\t\t\t\t\t<span class=\"wd-accordion-opener wd-opener-style-arrow\"><\/span>\n\t\t\t\t\t<\/div>\n\n\t\t\t\t\t<div class=\"wd-accordion-content reset-last-child\" data-accordion-index=\"6\">\n\t\t\t\t\t\t\t\t\t\t\t\t\t\n\t\t\t\t\t\t\t<div class=\"ewa-rteLine\">Der Service unseres Logistikpartners Dragon Courier deckt bereits alle Zoll- und Einfuhrkosten ab. Es kann jedoch vorkommen, dass Ihnen f\u00e4lschlicherweise eine zus\u00e4tzliche Rechnung, zum Beispiel f\u00fcr Einfuhrgeb\u00fchren, in Rechnung gestellt wird. In diesem Fall raten wir Ihnen, sich mit der Rechnungsstelle in Verbindung zu setzen und die Situation zu kl\u00e4ren. Wenn Sie nicht weiterkommen, k\u00f6nnen Sie uns \u00fcber unser Kontaktformular kontaktieren.<\/div><div class=\"ewa-rteLine\">\u00a0<\/div><div class=\"ewa-rteLine\">Weitere Informationen finden Sie in unseren Allgemeinen Gesch\u00e4ftsbedingungen unter Lieferbedingungen.<\/div>\n\t\t\t\t\t\t\t\t\t\t\t\t\t\t\t\t\t\t<\/div>\n\t\t\t\t<\/div>\n\t\t\t\t\t<\/div>\n\t\t\t\t\t\t<\/div>\n\t\t\t\t<\/div>\n\t\t\t\t\t<\/div>\n\t\t<\/div>\n\t\t\t\t<div class=\"elementor-column elementor-col-50 elementor-top-column elementor-element elementor-element-44e2c78c\" data-id=\"44e2c78c\" data-element_type=\"column\" data-e-type=\"column\">\n\t\t\t<div class=\"elementor-widget-wrap elementor-element-populated\">\n\t\t\t\t\t\t<div class=\"elementor-element elementor-element-1981dfbb elementor-widget elementor-widget-wd_title\" data-id=\"1981dfbb\" data-element_type=\"widget\" data-e-type=\"widget\" data-widget_type=\"wd_title.default\">\n\t\t\t\t<div class=\"elementor-widget-container\">\n\t\t\t\t\t\t\t<div class=\"title-wrapper set-mb-s reset-last-child wd-title-color-default wd-title-style-default wd-title-size-default text-left\">\n\n\t\t\t\n\t\t\t<div class=\"liner-continer\">\n\t\t\t\t<h4 class=\"woodmart-title-container title wd-fontsize-l\">Bezahlung und Bestellung<\/h4> \n\t\t\t\t\t\t\t<\/div>\n\n\t\t\t\t\t<\/div>\n\t\t\t\t\t\t<\/div>\n\t\t\t\t<\/div>\n\t\t\t\t<div class=\"elementor-element elementor-element-4c6fded elementor-widget elementor-widget-wd_accordion\" data-id=\"4c6fded\" data-element_type=\"widget\" data-e-type=\"widget\" data-widget_type=\"wd_accordion.default\">\n\t\t\t\t<div class=\"elementor-widget-container\">\n\t\t\t\t\t\n\t\t<div class=\"wd-accordion wd-style-default\" data-state=\"first\">\n\t\t\t\t\t\t\t\n\t\t\t\t<div class=\"wd-accordion-item\">\n\t\t\t\t\t<div class=\"wd-accordion-title wd-active text-left wd-opener-pos-right\" data-accordion-index=\"0\">\n\t\t\t\t\t\t<div class=\"wd-accordion-title-text\">\n\t\t\t\t\t\t\t\t\t\t\t\t\t\t<span>\n\t\t\t\t\t\t\t\tKANN ICH AUCH ALS GAST BESTELLEN?\t\t\t\t\t\t\t<\/span>\n\t\t\t\t\t\t<\/div>\n\t\t\t\t\t\t<span class=\"wd-accordion-opener wd-opener-style-arrow\"><\/span>\n\t\t\t\t\t<\/div>\n\n\t\t\t\t\t<div class=\"wd-accordion-content reset-last-child wd-active\" data-accordion-index=\"0\">\n\t\t\t\t\t\t\t\t\t\t\t\t\t\n\t\t\t\t\t\t\t<p>Nat\u00fcrlich k\u00f6nnen Sie auch als Gast bestellen. Wir empfehlen Ihnen jedoch, ein Konto anzulegen. Auf diese Weise k\u00f6nnen Sie Ihre Ma\u00dfe speichern und m\u00fcssen bei der n\u00e4chsten Bestellung nicht erneut vermessen werden.<\/p>\n\t\t\t\t\t\t\t\t\t\t\t\t\t\t\t\t\t\t<\/div>\n\t\t\t\t<\/div>\n\t\t\t\t\t\t\t\n\t\t\t\t<div class=\"wd-accordion-item\">\n\t\t\t\t\t<div class=\"wd-accordion-title text-left wd-opener-pos-right\" data-accordion-index=\"1\">\n\t\t\t\t\t\t<div class=\"wd-accordion-title-text\">\n\t\t\t\t\t\t\t\t\t\t\t\t\t\t<span>\n\t\t\t\t\t\t\t\tMUSS ICH MICH BEI JEDER BESTELLUNG SELBST AUSMESSEN?\t\t\t\t\t\t\t<\/span>\n\t\t\t\t\t\t<\/div>\n\t\t\t\t\t\t<span class=\"wd-accordion-opener wd-opener-style-arrow\"><\/span>\n\t\t\t\t\t<\/div>\n\n\t\t\t\t\t<div class=\"wd-accordion-content reset-last-child\" data-accordion-index=\"1\">\n\t\t\t\t\t\t\t\t\t\t\t\t\t\n\t\t\t\t\t\t\t<p>Nein, das m\u00fcssen Sie nicht. Erstellen Sie einfach ein Konto und speichern Sie Ihre Ma\u00dfe in Ihrem Profil. Sie k\u00f6nnen auch mehrere Profile in Ihrem Benutzerkonto anlegen und bequem f\u00fcr Freunde und Familie bestellen.<\/p>\n\t\t\t\t\t\t\t\t\t\t\t\t\t\t\t\t\t\t<\/div>\n\t\t\t\t<\/div>\n\t\t\t\t\t\t\t\n\t\t\t\t<div class=\"wd-accordion-item\">\n\t\t\t\t\t<div class=\"wd-accordion-title text-left wd-opener-pos-right\" data-accordion-index=\"2\">\n\t\t\t\t\t\t<div class=\"wd-accordion-title-text\">\n\t\t\t\t\t\t\t\t\t\t\t\t\t\t<span>\n\t\t\t\t\t\t\t\tWIE KANN ICH MEINE BESTELLUNG VERFOLGEN?\t\t\t\t\t\t\t<\/span>\n\t\t\t\t\t\t<\/div>\n\t\t\t\t\t\t<span class=\"wd-accordion-opener wd-opener-style-arrow\"><\/span>\n\t\t\t\t\t<\/div>\n\n\t\t\t\t\t<div class=\"wd-accordion-content reset-last-child\" data-accordion-index=\"2\">\n\t\t\t\t\t\t\t\t\t\t\t\t\t\n\t\t\t\t\t\t\t<p>Wenn Sie ein Konto haben, k\u00f6nnen Sie den Status Ihrer Bestellung jederzeit in Ihrem Konto einsehen. Sie haben als Gast bestellt? Dann werden wir Sie per E-Mail informieren, sobald wir Ihre Bestellung an unseren Logistikpartner \u00fcbergeben haben.<\/p>\n\t\t\t\t\t\t\t\t\t\t\t\t\t\t\t\t\t\t<\/div>\n\t\t\t\t<\/div>\n\t\t\t\t\t\t\t\n\t\t\t\t<div class=\"wd-accordion-item\">\n\t\t\t\t\t<div class=\"wd-accordion-title text-left wd-opener-pos-right\" data-accordion-index=\"3\">\n\t\t\t\t\t\t<div class=\"wd-accordion-title-text\">\n\t\t\t\t\t\t\t\t\t\t\t\t\t\t<span>\n\t\t\t\t\t\t\t\tKANN ICH MEINE BESTELLUNG \u00c4NDERN?\t\t\t\t\t\t\t<\/span>\n\t\t\t\t\t\t<\/div>\n\t\t\t\t\t\t<span class=\"wd-accordion-opener wd-opener-style-arrow\"><\/span>\n\t\t\t\t\t<\/div>\n\n\t\t\t\t\t<div class=\"wd-accordion-content reset-last-child\" data-accordion-index=\"3\">\n\t\t\t\t\t\t\t\t\t\t\t\t\t\n\t\t\t\t\t\t\t<div class=\"ewa-rteLine\">Gehen Sie zu Ihrem Konto und \u00f6ffnen Sie die betreffende Bestellung.<\/div><div class=\"ewa-rteLine\">Wenn der Status \"bestellt\" ist, k\u00f6nnen Sie weiterhin Artikel zu Ihrer Bestellung hinzuf\u00fcgen und die Ma\u00dfe in Ihrem Profil \u00e4ndern. Wenn der Status \"in Produktion\" ist, k\u00f6nnen Sie Ihre Bestellung und Ihre Ma\u00dfe nicht mehr \u00e4ndern.<\/div>\n\t\t\t\t\t\t\t\t\t\t\t\t\t\t\t\t\t\t<\/div>\n\t\t\t\t<\/div>\n\t\t\t\t\t\t\t\n\t\t\t\t<div class=\"wd-accordion-item\">\n\t\t\t\t\t<div class=\"wd-accordion-title text-left wd-opener-pos-right\" data-accordion-index=\"4\">\n\t\t\t\t\t\t<div class=\"wd-accordion-title-text\">\n\t\t\t\t\t\t\t\t\t\t\t\t\t\t<span>\n\t\t\t\t\t\t\t\tKANN ICH F\u00dcR MEHR ALS EINE PERSON MIT UNTERSCHIEDLICHEN MASSEN BESTELLEN?\t\t\t\t\t\t\t<\/span>\n\t\t\t\t\t\t<\/div>\n\t\t\t\t\t\t<span class=\"wd-accordion-opener wd-opener-style-arrow\"><\/span>\n\t\t\t\t\t<\/div>\n\n\t\t\t\t\t<div class=\"wd-accordion-content reset-last-child\" data-accordion-index=\"4\">\n\t\t\t\t\t\t\t\t\t\t\t\t\t\n\t\t\t\t\t\t\t<div class=\"ewa-rteLine\">Ja, Sie k\u00f6nnen mehrere Profile mit einem einzigen Login erstellen. Speichern Sie Ihr Sommerk\u00f6rper- und Winterk\u00f6rperprofil oder bestellen Sie mit Ihrem Account auch bequem f\u00fcr Freunde und Bekannte.<\/div><div class=\"ewa-rteLine\">\u00a0<\/div><div class=\"ewa-rteLine\">Wenn Sie f\u00fcr eine gr\u00f6\u00dfere Gruppe oder sogar als Unternehmen bestellen m\u00f6chten, kontaktieren Sie uns bitte \u00fcber info@nijo-suits.com.<\/div><div class=\"ewa-rteLine\">Gerne erstellen wir f\u00fcr Sie ein individuelles Login.<\/div>\n\t\t\t\t\t\t\t\t\t\t\t\t\t\t\t\t\t\t<\/div>\n\t\t\t\t<\/div>\n\t\t\t\t\t\t\t\n\t\t\t\t<div class=\"wd-accordion-item\">\n\t\t\t\t\t<div class=\"wd-accordion-title text-left wd-opener-pos-right\" data-accordion-index=\"5\">\n\t\t\t\t\t\t<div class=\"wd-accordion-title-text\">\n\t\t\t\t\t\t\t\t\t\t\t\t\t\t<span>\n\t\t\t\t\t\t\t\tWELCHE ZAHLUNGSM\u00d6GLICHKEITEN GIBT ES?\t\t\t\t\t\t\t<\/span>\n\t\t\t\t\t\t<\/div>\n\t\t\t\t\t\t<span class=\"wd-accordion-opener wd-opener-style-arrow\"><\/span>\n\t\t\t\t\t<\/div>\n\n\t\t\t\t\t<div class=\"wd-accordion-content reset-last-child\" data-accordion-index=\"5\">\n\t\t\t\t\t\t\t\t\t\t\t\t\t\n\t\t\t\t\t\t\t<div class=\"ewa-rteLine\"><div class=\"ewa-rteLine\">Sie k\u00f6nnen zwischen den folgenden Zahlungsm\u00f6glichkeiten w\u00e4hlen:<\/div><div class=\"ewa-rteLine\">\u00a0<\/div><div class=\"ewa-rteLine\">- Kreditkarten (Visa, MasterCard)<\/div><div class=\"ewa-rteLine\">- PostFinance<\/div><div class=\"ewa-rteLine\">- TWINT<\/div><div class=\"ewa-rteLine\">- V Bezahlen<\/div><div class=\"ewa-rteLine\">- PayPal<\/div><div class=\"ewa-rteLine\">- Vorauszahlung<\/div><div class=\"ewa-rteLine\">- Apple Pay<\/div><div class=\"ewa-rteLine\">- Google Pay<\/div><div class=\"ewa-rteLine\">\u00a0<\/div><div class=\"ewa-rteLine\">Eine detaillierte \u00dcbersicht \u00fcber alle unsere Zahlungsm\u00f6glichkeiten finden Sie hier.<\/div><\/div>\n\t\t\t\t\t\t\t\t\t\t\t\t\t\t\t\t\t\t<\/div>\n\t\t\t\t<\/div>\n\t\t\t\t\t<\/div>\n\t\t\t\t\t\t<\/div>\n\t\t\t\t<\/div>\n\t\t\t\t\t<\/div>\n\t\t<\/div>\n\t\t\t\t\t<\/div>\n\t\t<\/section>\n\t\t\t\t<section class=\"elementor-section elementor-top-section elementor-element elementor-element-2e7337d elementor-section-boxed elementor-section-height-default elementor-section-height-default wd-section-disabled\" data-id=\"2e7337d\" data-element_type=\"section\" data-e-type=\"section\">\n\t\t\t\t\t\t<div class=\"elementor-container elementor-column-gap-default\">\n\t\t\t\t\t<div class=\"elementor-column elementor-col-50 elementor-top-column elementor-element elementor-element-7ffc9d0\" data-id=\"7ffc9d0\" data-element_type=\"column\" data-e-type=\"column\">\n\t\t\t<div class=\"elementor-widget-wrap elementor-element-populated\">\n\t\t\t\t\t\t<div class=\"elementor-element elementor-element-af25a1f elementor-widget elementor-widget-wd_title\" data-id=\"af25a1f\" data-element_type=\"widget\" data-e-type=\"widget\" data-widget_type=\"wd_title.default\">\n\t\t\t\t<div class=\"elementor-widget-container\">\n\t\t\t\t\t\t\t<div class=\"title-wrapper set-mb-s reset-last-child wd-title-color-default wd-title-style-default wd-title-size-default text-left\">\n\n\t\t\t\n\t\t\t<div class=\"liner-continer\">\n\t\t\t\t<h4 class=\"woodmart-title-container title wd-fontsize-l\">Produkt<\/h4> \n\t\t\t\t\t\t\t<\/div>\n\n\t\t\t\t\t<\/div>\n\t\t\t\t\t\t<\/div>\n\t\t\t\t<\/div>\n\t\t\t\t<div class=\"elementor-element elementor-element-2d0609f elementor-widget elementor-widget-wd_accordion\" data-id=\"2d0609f\" data-element_type=\"widget\" data-e-type=\"widget\" data-widget_type=\"wd_accordion.default\">\n\t\t\t\t<div class=\"elementor-widget-container\">\n\t\t\t\t\t\n\t\t<div class=\"wd-accordion wd-style-default\" data-state=\"first\">\n\t\t\t\t\t\t\t\n\t\t\t\t<div class=\"wd-accordion-item\">\n\t\t\t\t\t<div class=\"wd-accordion-title wd-active text-left wd-opener-pos-right\" data-accordion-index=\"0\">\n\t\t\t\t\t\t<div class=\"wd-accordion-title-text\">\n\t\t\t\t\t\t\t\t\t\t\t\t\t\t<span>\n\t\t\t\t\t\t\t\tWIE LANGE DAUERT DIE MESSUNG?\t\t\t\t\t\t\t<\/span>\n\t\t\t\t\t\t<\/div>\n\t\t\t\t\t\t<span class=\"wd-accordion-opener wd-opener-style-arrow\"><\/span>\n\t\t\t\t\t<\/div>\n\n\t\t\t\t\t<div class=\"wd-accordion-content reset-last-child wd-active\" data-accordion-index=\"0\">\n\t\t\t\t\t\t\t\t\t\t\t\t\t\n\t\t\t\t\t\t\t<div class=\"ewa-rteLine\">Je genauer Ihre Ma\u00dfe sind, desto besser wird Ihr Anzug passen. Nehmen Sie sich also Zeit und lassen Sie sich unbedingt von einer zweiten Person unterst\u00fctzen.<\/div><div class=\"ewa-rteLine\">Es wird empfohlen, jede Messung mehr als einmal vorzunehmen. Benutzen Sie unseren Messleitfaden.<\/div><div class=\"ewa-rteLine\">\u00a0<\/div><div class=\"ewa-rteLine\">M\u00f6chten Sie sich lieber professionell vermessen lassen? Viele Schneider bieten diesen Service gegen eine geringe Geb\u00fchr an. Bringen Sie diese Vorlage (PDF Doc) mit in die Schneiderei oder nehmen Sie die Ma\u00dfe vor Ort einfach mit Ihrem Smartphone.<\/div>\n\t\t\t\t\t\t\t\t\t\t\t\t\t\t\t\t\t\t<\/div>\n\t\t\t\t<\/div>\n\t\t\t\t\t\t\t\n\t\t\t\t<div class=\"wd-accordion-item\">\n\t\t\t\t\t<div class=\"wd-accordion-title text-left wd-opener-pos-right\" data-accordion-index=\"1\">\n\t\t\t\t\t\t<div class=\"wd-accordion-title-text\">\n\t\t\t\t\t\t\t\t\t\t\t\t\t\t<span>\n\t\t\t\t\t\t\t\tWOHER KOMMEN DIE STOFFE?\t\t\t\t\t\t\t<\/span>\n\t\t\t\t\t\t<\/div>\n\t\t\t\t\t\t<span class=\"wd-accordion-opener wd-opener-style-arrow\"><\/span>\n\t\t\t\t\t<\/div>\n\n\t\t\t\t\t<div class=\"wd-accordion-content reset-last-child\" data-accordion-index=\"1\">\n\t\t\t\t\t\t\t\t\t\t\t\t\t\n\t\t\t\t\t\t\t<p>Unsere Stoffe sind von \"XX\".<\/p>\n\t\t\t\t\t\t\t\t\t\t\t\t\t\t\t\t\t\t<\/div>\n\t\t\t\t<\/div>\n\t\t\t\t\t\t\t\n\t\t\t\t<div class=\"wd-accordion-item\">\n\t\t\t\t\t<div class=\"wd-accordion-title text-left wd-opener-pos-right\" data-accordion-index=\"2\">\n\t\t\t\t\t\t<div class=\"wd-accordion-title-text\">\n\t\t\t\t\t\t\t\t\t\t\t\t\t\t<span>\n\t\t\t\t\t\t\t\tWO WIRD MEIN ANZUG HERGESTELLT?\t\t\t\t\t\t\t<\/span>\n\t\t\t\t\t\t<\/div>\n\t\t\t\t\t\t<span class=\"wd-accordion-opener wd-opener-style-arrow\"><\/span>\n\t\t\t\t\t<\/div>\n\n\t\t\t\t\t<div class=\"wd-accordion-content reset-last-child\" data-accordion-index=\"2\">\n\t\t\t\t\t\t\t\t\t\t\t\t\t\n\t\t\t\t\t\t\t<div class=\"ewa-rteLine\">Wir produzieren nach Ma\u00df - also erst nach Eingang Ihrer Bestellung.<\/div><div class=\"ewa-rteLine\">Daher ist es \u00e4u\u00dferst wichtig, dass Sie sich beim Messen helfen lassen und sich ausreichend Zeit nehmen. Messen Sie nicht selbst, sondern lassen Sie sich von einer zweiten Person (professioneller Schneider oder Freund) ausmessen. Mit Hilfe unseres Messleitfadens (verlinkt) sollte das Messen nicht l\u00e4nger als 20 Minuten dauern. Wir raten Ihnen au\u00dferdem, jede K\u00f6rpermessung 2-3 Mal vorzunehmen.<\/div>\n\t\t\t\t\t\t\t\t\t\t\t\t\t\t\t\t\t\t<\/div>\n\t\t\t\t<\/div>\n\t\t\t\t\t\t\t\n\t\t\t\t<div class=\"wd-accordion-item\">\n\t\t\t\t\t<div class=\"wd-accordion-title text-left wd-opener-pos-right\" data-accordion-index=\"3\">\n\t\t\t\t\t\t<div class=\"wd-accordion-title-text\">\n\t\t\t\t\t\t\t\t\t\t\t\t\t\t<span>\n\t\t\t\t\t\t\t\tWAS KANN ICH TUN, WENN MEIN ANZUG NICHT PASST?\t\t\t\t\t\t\t<\/span>\n\t\t\t\t\t\t<\/div>\n\t\t\t\t\t\t<span class=\"wd-accordion-opener wd-opener-style-arrow\"><\/span>\n\t\t\t\t\t<\/div>\n\n\t\t\t\t\t<div class=\"wd-accordion-content reset-last-child\" data-accordion-index=\"3\">\n\t\t\t\t\t\t\t\t\t\t\t\t\t\n\t\t\t\t\t\t\t<div class=\"ewa-rteLine\">Ihr Anzug\/Hemd passt nicht wie erwartet?<\/div><div class=\"ewa-rteLine\">Am besten gehen Sie mit Ihrem neuen Produkt zu einem \u00f6rtlichen Schneider. In der Regel kosten letzte kleine \u00c4nderungen an Ihrem Anzug oder Hemd nur wenig Geld. Informieren Sie sich hier (verlinkt), wie wir uns im Rahmen der Passformgarantie an den Kosten f\u00fcr \u00c4nderungen beteiligen (oder den Link).<\/div>\n\t\t\t\t\t\t\t\t\t\t\t\t\t\t\t\t\t\t<\/div>\n\t\t\t\t<\/div>\n\t\t\t\t\t\t\t\n\t\t\t\t<div class=\"wd-accordion-item\">\n\t\t\t\t\t<div class=\"wd-accordion-title text-left wd-opener-pos-right\" data-accordion-index=\"4\">\n\t\t\t\t\t\t<div class=\"wd-accordion-title-text\">\n\t\t\t\t\t\t\t\t\t\t\t\t\t\t<span>\n\t\t\t\t\t\t\t\tMIT WELCHEN MASSEN ARBEITEN SIE?\t\t\t\t\t\t\t<\/span>\n\t\t\t\t\t\t<\/div>\n\t\t\t\t\t\t<span class=\"wd-accordion-opener wd-opener-style-arrow\"><\/span>\n\t\t\t\t\t<\/div>\n\n\t\t\t\t\t<div class=\"wd-accordion-content reset-last-child\" data-accordion-index=\"4\">\n\t\t\t\t\t\t\t\t\t\t\t\t\t\n\t\t\t\t\t\t\t<div class=\"ewa-rteLine\">Die 15 Ma\u00dfe, die wir von Ihnen ben\u00f6tigen, sind die K\u00f6rperma\u00dfe. Mit den K\u00f6rperma\u00dfen und Ihrer Gr\u00f6\u00dfe, Ihrem Gewicht, Ihrer Statur und Ihrer gew\u00fcnschten Passform und Ihrem Stil berechnen wir die Ma\u00dfe Ihres bestellten Anzugs oder Hemds.<\/div><div class=\"ewa-rteLine\">Die Ma\u00dfe des Kleidungsst\u00fccks sind immer gr\u00f6\u00dfer als Ihre K\u00f6rperma\u00dfe.<\/div><div class=\"ewa-rteLine\">\u00a0<\/div><div class=\"ewa-rteLine\">Das liegt daran, dass Kleidungsst\u00fccke etwas brauchen, das man EASE nennt. Ease ist der Raum zwischen Ihrem K\u00f6rper und einem Kleidungsst\u00fcck. H\u00e4tte das Kleidungsst\u00fcck die gleiche Masse wie Ihr K\u00f6rper, k\u00f6nnten Sie nicht sitzen, sich beugen, drehen oder anderweitig bewegen.<\/div>\n\t\t\t\t\t\t\t\t\t\t\t\t\t\t\t\t\t\t<\/div>\n\t\t\t\t<\/div>\n\t\t\t\t\t<\/div>\n\t\t\t\t\t\t<\/div>\n\t\t\t\t<\/div>\n\t\t\t\t\t<\/div>\n\t\t<\/div>\n\t\t\t\t<div class=\"elementor-column elementor-col-50 elementor-top-column elementor-element elementor-element-448f918\" data-id=\"448f918\" data-element_type=\"column\" data-e-type=\"column\">\n\t\t\t<div class=\"elementor-widget-wrap elementor-element-populated\">\n\t\t\t\t\t\t<div class=\"elementor-element elementor-element-ad76d38 elementor-widget elementor-widget-wd_title\" data-id=\"ad76d38\" data-element_type=\"widget\" data-e-type=\"widget\" data-widget_type=\"wd_title.default\">\n\t\t\t\t<div class=\"elementor-widget-container\">\n\t\t\t\t\t\t\t<div class=\"title-wrapper set-mb-s reset-last-child wd-title-color-default wd-title-style-default wd-title-size-default text-left\">\n\n\t\t\t\n\t\t\t<div class=\"liner-continer\">\n\t\t\t\t<h4 class=\"woodmart-title-container title wd-fontsize-l\">Andere<\/h4> \n\t\t\t\t\t\t\t<\/div>\n\n\t\t\t\t\t<\/div>\n\t\t\t\t\t\t<\/div>\n\t\t\t\t<\/div>\n\t\t\t\t<div class=\"elementor-element elementor-element-0939dfc elementor-widget elementor-widget-wd_accordion\" data-id=\"0939dfc\" data-element_type=\"widget\" data-e-type=\"widget\" data-widget_type=\"wd_accordion.default\">\n\t\t\t\t<div class=\"elementor-widget-container\">\n\t\t\t\t\t\n\t\t<div class=\"wd-accordion wd-style-default\" data-state=\"first\">\n\t\t\t\t\t\t\t\n\t\t\t\t<div class=\"wd-accordion-item\">\n\t\t\t\t\t<div class=\"wd-accordion-title wd-active text-left wd-opener-pos-right\" data-accordion-index=\"0\">\n\t\t\t\t\t\t<div class=\"wd-accordion-title-text\">\n\t\t\t\t\t\t\t\t\t\t\t\t\t\t<span>\n\t\t\t\t\t\t\t\tIHRE FRAGE WURDE NICHT BEANTWORTET?\t\t\t\t\t\t\t<\/span>\n\t\t\t\t\t\t<\/div>\n\t\t\t\t\t\t<span class=\"wd-accordion-opener wd-opener-style-arrow\"><\/span>\n\t\t\t\t\t<\/div>\n\n\t\t\t\t\t<div class=\"wd-accordion-content reset-last-child wd-active\" data-accordion-index=\"0\">\n\t\t\t\t\t\t\t\t\t\t\t\t\t\n\t\t\t\t\t\t\t<p>Bitte kontaktieren Sie uns hier \u00fcber das Kontaktformular. Wir werden Ihnen gerne weiterhelfen.<\/p>\n\t\t\t\t\t\t\t\t\t\t\t\t\t\t\t\t\t\t<\/div>\n\t\t\t\t<\/div>\n\t\t\t\t\t<\/div>\n\t\t\t\t\t\t<\/div>\n\t\t\t\t<\/div>\n\t\t\t\t\t<\/div>\n\t\t<\/div>\n\t\t\t\t\t<\/div>\n\t\t<\/section>\n\t\t\t\t<\/div>","protected":false},"excerpt":{"rendered":"<p>Shipping and delivery WHERE IS MY ORDER? You can check the current delivery status at any time in your account.<\/p>","protected":false},"author":2,"featured_media":0,"parent":0,"menu_order":0,"comment_status":"closed","ping_status":"closed","template":"","meta":{"content-type":"","footnotes":""},"class_list":["post-3682","page","type-page","status-publish","hentry"],"_links":{"self":[{"href":"https:\/\/nijo-suits.com\/de\/wp-json\/wp\/v2\/pages\/3682","targetHints":{"allow":["GET"]}}],"collection":[{"href":"https:\/\/nijo-suits.com\/de\/wp-json\/wp\/v2\/pages"}],"about":[{"href":"https:\/\/nijo-suits.com\/de\/wp-json\/wp\/v2\/types\/page"}],"author":[{"embeddable":true,"href":"https:\/\/nijo-suits.com\/de\/wp-json\/wp\/v2\/users\/2"}],"replies":[{"embeddable":true,"href":"https:\/\/nijo-suits.com\/de\/wp-json\/wp\/v2\/comments?post=3682"}],"version-history":[{"count":41,"href":"https:\/\/nijo-suits.com\/de\/wp-json\/wp\/v2\/pages\/3682\/revisions"}],"predecessor-version":[{"id":10631,"href":"https:\/\/nijo-suits.com\/de\/wp-json\/wp\/v2\/pages\/3682\/revisions\/10631"}],"wp:attachment":[{"href":"https:\/\/nijo-suits.com\/de\/wp-json\/wp\/v2\/media?parent=3682"}],"curies":[{"name":"wp","href":"https:\/\/api.w.org\/{rel}","templated":true}]}}